{"id":713,"date":"2021-12-15T17:07:22","date_gmt":"2021-12-15T17:07:22","guid":{"rendered":"https:\/\/kinsley-demo.bslthemes.com\/?page_id=713"},"modified":"2024-08-10T16:15:53","modified_gmt":"2024-08-10T14:15:53","slug":"blog","status":"publish","type":"page","link":"https:\/\/motel-caesar.at\/de\/blog\/","title":{"rendered":"Blog"},"content":{"rendered":"<div data-elementor-type=\"wp-page\" data-elementor-id=\"713\" class=\"elementor elementor-713\">\n\t\t\t\t\t\t<section class=\"elementor-section elementor-top-section elementor-element elementor-element-5406730 elementor-section-full_width elementor-section-height-default elementor-section-height-default\" data-id=\"5406730\" data-element_type=\"section\" data-e-type=\"section\">\n\t\t\t\t\t\t<div class=\"elementor-container elementor-column-gap-no\">\n\t\t\t\t\t<div class=\"elementor-column elementor-col-100 elementor-top-column elementor-element elementor-element-97d9df7\" data-id=\"97d9df7\" data-element_type=\"column\" data-e-type=\"column\">\n\t\t\t<div class=\"elementor-widget-wrap elementor-element-populated\">\n\t\t\t\t\t\t<div class=\"elementor-element elementor-element-0a92559 elementor-widget elementor-widget-kinsley-intro\" data-id=\"0a92559\" data-element_type=\"widget\" data-e-type=\"widget\" data-widget_type=\"kinsley-intro.default\">\n\t\t\t\t<div class=\"elementor-widget-container\">\n\t\t\t\t\t\n    <!-- banner -->\n    <section class=\"knsl-banner-simple knsl-transition-bottom\">\n      \n\t\t\t\t<img decoding=\"async\" src=\"https:\/\/motel-caesar.at\/wp-content\/themes\/kinsley\/assets\/img\/palm.svg\" class=\"knsl-deco-left\" alt=\"palm\" \/>\n\t\t<img decoding=\"async\" src=\"https:\/\/motel-caesar.at\/wp-content\/themes\/kinsley\/assets\/img\/palm.svg\" class=\"knsl-deco-right\" alt=\"palm\" \/>\n\t\t\n\t\n\t  \n      <div class=\"container\">\n        <div class=\"row\">\n          <div class=\"col-lg-12\">\n\n            <div class=\"knsl-center knsl-title-frame\">\n                            <h1 class=\"knsl-title--h knsl-mb-20 knsl-h1-inner\">\n                <span >\n                    Unser Blog                <\/span>\n              <\/h1>\n                                          <p class=\"knsl-text knsl-mb-30\">\n                <span >\n                    In der N\u00e4he unseres Motels finden Sie bequeme Transportm\u00f6glichkeiten, Einkaufsm\u00f6glichkeiten und Sehensw\u00fcrdigkeiten, die Sie nicht verpassen sollten. Alles, was Sie f\u00fcr einen komfortablen und angenehmen Aufenthalt ben\u00f6tigen, ist leicht zu erreichen.                <\/span>\n              <\/p>\n              \n              <ul class=\"knsl-breadcrumbs\"><li><a href=\"https:\/\/motel-caesar.at\/de\" title=\"motel-caesar.at\">Startseite<\/a><\/li><li class=\"tst-active\"><a><\/a><\/li><\/ul>\n            <\/div>\n\n          <\/div>\n        <\/div>\n      <\/div>\n    <\/section>\n    <!-- banner end -->\n\n\t\t\t\t\t\t<\/div>\n\t\t\t\t<\/div>\n\t\t\t\t\t<\/div>\n\t\t<\/div>\n\t\t\t\t\t<\/div>\n\t\t<\/section>\n\t\t\t\t<section class=\"elementor-section elementor-top-section elementor-element elementor-element-e5cb9da elementor-section-full_width elementor-section-height-default elementor-section-height-default\" data-id=\"e5cb9da\" data-element_type=\"section\" data-e-type=\"section\">\n\t\t\t\t\t\t<div class=\"elementor-container elementor-column-gap-no\">\n\t\t\t\t\t<div class=\"elementor-column elementor-col-100 elementor-top-column elementor-element elementor-element-684f0d7\" data-id=\"684f0d7\" data-element_type=\"column\" data-e-type=\"column\">\n\t\t\t<div class=\"elementor-widget-wrap elementor-element-populated\">\n\t\t\t\t\t\t<div class=\"elementor-element elementor-element-2b94d15 elementor-widget elementor-widget-kinsley-blog-grid\" data-id=\"2b94d15\" data-element_type=\"widget\" data-e-type=\"widget\" data-widget_type=\"kinsley-blog-grid.default\">\n\t\t\t\t<div class=\"elementor-widget-container\">\n\t\t\t\t\t\n\t<!-- blog -->\n\t<section class=\"knsl-transition-none knsl-p-0-80\">\n\t\t\n\t\t\t\t<img decoding=\"async\" src=\"https:\/\/motel-caesar.at\/wp-content\/themes\/kinsley\/assets\/img\/palm.svg\" class=\"knsl-deco-right\" alt=\"palm\" \/>\n\t\t\n\t\n\t    <div class=\"container\">\t\t\t<div class=\"row  attr-categories-false attr-readmore-false\">\n\t\t\t\t\n\t\t\t\t\t\t\t\t\t\t\t\t<div class=\"col-md-6 col-lg-4\">\n\n\t\t\t\t\t\n\n\n<!-- blog card -->\n<div class=\"knsl-blog-card\">\n  <div id=\"post-1179\" class=\"post-1179 post type-post status-publish format-standard has-post-thumbnail hentry category-places tag-sea tag-tour tag-travel tag-trip\">\n    <div class=\"knsl-cover-frame\">\n    <a href=\"https:\/\/motel-caesar.at\/de\/about-our-motel\/\">\n    \t    \t<img decoding=\"async\" src=\"https:\/\/motel-caesar.at\/wp-content\/uploads\/2021\/12\/305045712-950x634.jpg\" alt=\"About our Motel\" \/>\n    \t    <\/a>\n\t\t<div class=\"knsl-badge\">\n\t\t\tPlaces\t\t<\/div>\n  <\/div>\n    <div class=\"knsl-description-frame\">\n    <div class=\"knsl-room-features\">\n      <div class=\"knsl-feature knsl-feature-author\">\n                <div class=\"knsl-icon-frame knsl-icon-author\"><img decoding=\"async\" src=\"https:\/\/secure.gravatar.com\/avatar\/53cb00cc892e980c292814dd590c0298469f0b8bf57d5893d1b15daf3b0a74e8?s=96&#038;d=mm&#038;r=g\" alt=\"admin\" \/><\/div>\n                <span>admin<\/span>\n      <\/div>\n\n      \t  \t<div class=\"knsl-feature knsl-feature-date\">\n        <div class=\"knsl-icon-frame\"><span class=\"img-svg img-svg-time\"><\/span><\/div>\n        <span>August 19, 2024<\/span>\n      <\/div>\n\t  \t    <\/div>\n    <a href=\"https:\/\/motel-caesar.at\/de\/about-our-motel\/\" class=\"knsl-title\">\n      <h4 class=\"knsl-mb-20\">\u00dcber unser Motel<\/h4>\n    <\/a>\n    <div class=\"knsl-text-light knsl-text-sm\">\n    \t<p>Unser Motel ist die ideale Wahl f\u00fcr G\u00e4ste, die eine g\u00fcnstige und komfortable Unterkunft suchen. Wir\u2026 <span class=\"knsl-el-more\"><a href=\"https:\/\/motel-caesar.at\/de\/about-our-motel\/\" class=\"knsl-btn\">Read more<span class=\"screen-reader-text\">Read more&nbsp;About our Motel<\/span><\/a><\/span><\/p>\n    <\/div>\n  <\/div>\n  <\/div>\n<\/div>\n<!-- blog card end -->\n\n\n\t\t\t\t<\/div>\n\t\t\t\t\t\t\t\t<div class=\"col-md-6 col-lg-4\">\n\n\t\t\t\t\t\n\n\n<!-- blog card -->\n<div class=\"knsl-blog-card\">\n  <div id=\"post-4145\" class=\"post-4145 post type-post status-publish format-standard has-post-thumbnail hentry category-uncategorized-de\">\n    <div class=\"knsl-cover-frame\">\n    <a href=\"https:\/\/motel-caesar.at\/de\/bequeme-anreise-ins-stadtzentrum-mit-dem-auto-park-ride-leopoldau\/\">\n    \t    \t<img decoding=\"async\" src=\"https:\/\/motel-caesar.at\/wp-content\/uploads\/2021\/12\/xcsm_Wien_-_Park___Ride_d6d78757a3.jpg.pagespeed.ic_.-mooPWHfgE.jpg\" alt=\"Bequeme Anreise ins Stadtzentrum mit dem Auto: Park &amp; Ride Leopoldau.\" \/>\n    \t    <\/a>\n\t\t<div class=\"knsl-badge\">\n\t\t\tUncategorized\t\t<\/div>\n  <\/div>\n    <div class=\"knsl-description-frame\">\n    <div class=\"knsl-room-features\">\n      <div class=\"knsl-feature knsl-feature-author\">\n                <div class=\"knsl-icon-frame knsl-icon-author\"><img decoding=\"async\" src=\"https:\/\/secure.gravatar.com\/avatar\/53cb00cc892e980c292814dd590c0298469f0b8bf57d5893d1b15daf3b0a74e8?s=96&#038;d=mm&#038;r=g\" alt=\"admin\" \/><\/div>\n                <span>admin<\/span>\n      <\/div>\n\n      \t  \t<div class=\"knsl-feature knsl-feature-date\">\n        <div class=\"knsl-icon-frame\"><span class=\"img-svg img-svg-time\"><\/span><\/div>\n        <span>August 19, 2024<\/span>\n      <\/div>\n\t  \t    <\/div>\n    <a href=\"https:\/\/motel-caesar.at\/de\/bequeme-anreise-ins-stadtzentrum-mit-dem-auto-park-ride-leopoldau\/\" class=\"knsl-title\">\n      <h4 class=\"knsl-mb-20\">Bequeme Anreise ins Stadtzentrum mit dem Auto: Park &amp; Ride Leopoldau.<\/h4>\n    <\/a>\n    <div class=\"knsl-text-light knsl-text-sm\">\n    \t<p>F\u00fcr unsere G\u00e4ste, die mit dem Auto anreisen, gibt es eine bequeme M\u00f6glichkeit, das&#8230; <span class=\"knsl-el-more\"><a href=\"https:\/\/motel-caesar.at\/de\/bequeme-anreise-ins-stadtzentrum-mit-dem-auto-park-ride-leopoldau\/\" class=\"knsl-btn\">Read more<span class=\"screen-reader-text\">Read more&nbsp;Bequeme Anreise ins Stadtzentrum mit dem Auto: Park &amp; Ride Leopoldau.<\/span><\/a><\/span><\/p>\n    <\/div>\n  <\/div>\n  <\/div>\n<\/div>\n<!-- blog card end -->\n\n\n\t\t\t\t<\/div>\n\t\t\t\t\t\t\t\t<div class=\"col-md-6 col-lg-4\">\n\n\t\t\t\t\t\n\n\n<!-- blog card -->\n<div class=\"knsl-blog-card\">\n  <div id=\"post-4140\" class=\"post-4140 post type-post status-publish format-standard has-post-thumbnail hentry category-uncategorized-de\">\n    <div class=\"knsl-cover-frame\">\n    <a href=\"https:\/\/motel-caesar.at\/de\/wie-man-vom-motel-ins-stadtzentrum-von-wien-gelangt\/\">\n    \t    \t<img decoding=\"async\" src=\"https:\/\/motel-caesar.at\/wp-content\/uploads\/2021\/12\/5541-950x570.jpeg\" alt=\"Wie man vom Motel ins Stadtzentrum von Wien gelangt\" \/>\n    \t    <\/a>\n\t\t<div class=\"knsl-badge\">\n\t\t\tUncategorized\t\t<\/div>\n  <\/div>\n    <div class=\"knsl-description-frame\">\n    <div class=\"knsl-room-features\">\n      <div class=\"knsl-feature knsl-feature-author\">\n                <div class=\"knsl-icon-frame knsl-icon-author\"><img decoding=\"async\" src=\"https:\/\/secure.gravatar.com\/avatar\/53cb00cc892e980c292814dd590c0298469f0b8bf57d5893d1b15daf3b0a74e8?s=96&#038;d=mm&#038;r=g\" alt=\"admin\" \/><\/div>\n                <span>admin<\/span>\n      <\/div>\n\n      \t  \t<div class=\"knsl-feature knsl-feature-date\">\n        <div class=\"knsl-icon-frame\"><span class=\"img-svg img-svg-time\"><\/span><\/div>\n        <span>August 19, 2024<\/span>\n      <\/div>\n\t  \t    <\/div>\n    <a href=\"https:\/\/motel-caesar.at\/de\/wie-man-vom-motel-ins-stadtzentrum-von-wien-gelangt\/\" class=\"knsl-title\">\n      <h4 class=\"knsl-mb-20\">Wie man vom Motel ins Stadtzentrum von Wien gelangt<\/h4>\n    <\/a>\n    <div class=\"knsl-text-light knsl-text-sm\">\n    \t<p>Es gibt mehrere bequeme M\u00f6glichkeiten, um von der Br\u00fcnnerstr. 28, 2201 Gerasdorf bei Wien&#8230; <span class=\"knsl-el-more\"><a href=\"https:\/\/motel-caesar.at\/de\/wie-man-vom-motel-ins-stadtzentrum-von-wien-gelangt\/\" class=\"knsl-btn\">Read more<span class=\"screen-reader-text\">Read more&nbsp;Wie man vom Motel ins Stadtzentrum von Wien gelangt<\/span><\/a><\/span><\/p>\n    <\/div>\n  <\/div>\n  <\/div>\n<\/div>\n<!-- blog card end -->\n\n\n\t\t\t\t<\/div>\n\t\t\t\t\t\t\t\t<div class=\"col-md-6 col-lg-4\">\n\n\t\t\t\t\t\n\n\n<!-- blog card -->\n<div class=\"knsl-blog-card knsl-scroll-animation\">\n  <div id=\"post-1181\" class=\"post-1181 post type-post status-publish format-standard has-post-thumbnail hentry category-travel tag-guide tag-places tag-travel tag-trip\">\n    <div class=\"knsl-cover-frame\">\n    <a href=\"https:\/\/motel-caesar.at\/de\/how-to-get-from-the-motel-to-the-city-center-of-vienna\/\">\n    \t    \t<img decoding=\"async\" src=\"https:\/\/motel-caesar.at\/wp-content\/uploads\/2021\/12\/5541-950x570.jpeg\" alt=\"How to get from the motel to the city center of Vienna\" \/>\n    \t    <\/a>\n\t\t<div class=\"knsl-badge\">\n\t\t\tTravel\t\t<\/div>\n  <\/div>\n    <div class=\"knsl-description-frame\">\n    <div class=\"knsl-room-features\">\n      <div class=\"knsl-feature knsl-feature-author\">\n                <div class=\"knsl-icon-frame knsl-icon-author\"><img decoding=\"async\" src=\"https:\/\/secure.gravatar.com\/avatar\/53cb00cc892e980c292814dd590c0298469f0b8bf57d5893d1b15daf3b0a74e8?s=96&#038;d=mm&#038;r=g\" alt=\"admin\" \/><\/div>\n                <span>admin<\/span>\n      <\/div>\n\n      \t  \t<div class=\"knsl-feature knsl-feature-date\">\n        <div class=\"knsl-icon-frame\"><span class=\"img-svg img-svg-time\"><\/span><\/div>\n        <span>Januar 21, 2024<\/span>\n      <\/div>\n\t  \t    <\/div>\n    <a href=\"https:\/\/motel-caesar.at\/de\/how-to-get-from-the-motel-to-the-city-center-of-vienna\/\" class=\"knsl-title\">\n      <h4 class=\"knsl-mb-20\">How to get from the motel to the city center of Vienna<\/h4>\n    <\/a>\n    <div class=\"knsl-text-light knsl-text-sm\">\n    \t<p>There are several convenient ways to get from Br\u00fcnnerstr. 28, 2201 Gerasdorf bei Wien&#8230; <span class=\"knsl-el-more\"><a href=\"https:\/\/motel-caesar.at\/de\/how-to-get-from-the-motel-to-the-city-center-of-vienna\/\" class=\"knsl-btn\">Read more<span class=\"screen-reader-text\">Read more&nbsp;How to get from the motel to the city center of Vienna<\/span><\/a><\/span><\/p>\n    <\/div>\n  <\/div>\n  <\/div>\n<\/div>\n<!-- blog card end -->\n\n\n\t\t\t\t<\/div>\n\t\t\t\t\t\t\t\t<div class=\"col-md-6 col-lg-4\">\n\n\t\t\t\t\t\n\n\n<!-- blog card -->\n<div class=\"knsl-blog-card knsl-scroll-animation\">\n  <div id=\"post-1182\" class=\"post-1182 post type-post status-publish format-standard has-post-thumbnail hentry category-travel tag-resort tag-tour tag-travel\">\n    <div class=\"knsl-cover-frame\">\n    <a href=\"https:\/\/motel-caesar.at\/de\/convenient-travel-to-the-city-center-by-car-park-and-ride-leopoldau\/\">\n    \t    \t<img decoding=\"async\" src=\"https:\/\/motel-caesar.at\/wp-content\/uploads\/2021\/12\/xcsm_Wien_-_Park___Ride_d6d78757a3.jpg.pagespeed.ic_.-mooPWHfgE.jpg\" alt=\"Convenient travel to the city center by car: Park &#038; Ride Leopoldau.\" \/>\n    \t    <\/a>\n\t\t<div class=\"knsl-badge\">\n\t\t\tTravel\t\t<\/div>\n  <\/div>\n    <div class=\"knsl-description-frame\">\n    <div class=\"knsl-room-features\">\n      <div class=\"knsl-feature knsl-feature-author\">\n                <div class=\"knsl-icon-frame knsl-icon-author\"><img decoding=\"async\" src=\"https:\/\/secure.gravatar.com\/avatar\/53cb00cc892e980c292814dd590c0298469f0b8bf57d5893d1b15daf3b0a74e8?s=96&#038;d=mm&#038;r=g\" alt=\"admin\" \/><\/div>\n                <span>admin<\/span>\n      <\/div>\n\n      \t  \t<div class=\"knsl-feature knsl-feature-date\">\n        <div class=\"knsl-icon-frame\"><span class=\"img-svg img-svg-time\"><\/span><\/div>\n        <span>Januar 21, 2024<\/span>\n      <\/div>\n\t  \t    <\/div>\n    <a href=\"https:\/\/motel-caesar.at\/de\/convenient-travel-to-the-city-center-by-car-park-and-ride-leopoldau\/\" class=\"knsl-title\">\n      <h4 class=\"knsl-mb-20\">Convenient travel to the city center by car: Park &#038; Ride Leopoldau.<\/h4>\n    <\/a>\n    <div class=\"knsl-text-light knsl-text-sm\">\n    \t<p>For our guests arriving by car, there is a convenient way to reach Vienna&#8217;s&#8230; <span class=\"knsl-el-more\"><a href=\"https:\/\/motel-caesar.at\/de\/convenient-travel-to-the-city-center-by-car-park-and-ride-leopoldau\/\" class=\"knsl-btn\">Read more<span class=\"screen-reader-text\">Read more&nbsp;Convenient travel to the city center by car: Park &#038; Ride Leopoldau.<\/span><\/a><\/span><\/p>\n    <\/div>\n  <\/div>\n  <\/div>\n<\/div>\n<!-- blog card end -->\n\n\n\t\t\t\t<\/div>\n\t\t\t\t\n\t      \t\t\t\t\t\t<!-- pagination -->\n\t\t\t\t<div class=\"knsl-pagination\">\n\t\t\t\t\t\t\t\t<\/div>\n\t\t\t\t<!-- pagination end -->\n\t\t\t\t\n\t\t\t\t\t    \t\t\n\t    \t<\/div>\n\t\t<\/div>\t<\/section>\n\t<!-- blog end -->\n\n\t\t\t\t\t\t<\/div>\n\t\t\t\t<\/div>\n\t\t\t\t\t<\/div>\n\t\t<\/div>\n\t\t\t\t\t<\/div>\n\t\t<\/section>\n\t\t\t\t<\/div>","protected":false},"excerpt":{"rendered":"<p>Our Blog Find convenient transportation, shopping and must-see attractions near our motel. Everything you&#8230; <span class=\"knsl-el-more\"><a href=\"https:\/\/motel-caesar.at\/de\/convenient-travel-to-the-city-center-by-car-park-and-ride-leopoldau\/\" class=\"knsl-btn\">Read more<span class=\"screen-reader-text\">Read more&nbsp;Convenient travel to the city center by car: Park &#038; Ride Leopoldau.<\/span><\/a><\/span><\/p>","protected":false},"author":1,"featured_media":0,"parent":0,"menu_order":0,"comment_status":"closed","ping_status":"closed","template":"template-layout-builder.php","meta":{"_acf_changed":false,"footnotes":""},"class_list":["post-713","page","type-page","status-publish","hentry"],"acf":[],"_links":{"self":[{"href":"https:\/\/motel-caesar.at\/de\/wp-json\/wp\/v2\/pages\/713","targetHints":{"allow":["GET"]}}],"collection":[{"href":"https:\/\/motel-caesar.at\/de\/wp-json\/wp\/v2\/pages"}],"about":[{"href":"https:\/\/motel-caesar.at\/de\/wp-json\/wp\/v2\/types\/page"}],"author":[{"embeddable":true,"href":"https:\/\/motel-caesar.at\/de\/wp-json\/wp\/v2\/users\/1"}],"replies":[{"embeddable":true,"href":"https:\/\/motel-caesar.at\/de\/wp-json\/wp\/v2\/comments?post=713"}],"version-history":[{"count":7,"href":"https:\/\/motel-caesar.at\/de\/wp-json\/wp\/v2\/pages\/713\/revisions"}],"predecessor-version":[{"id":3915,"href":"https:\/\/motel-caesar.at\/de\/wp-json\/wp\/v2\/pages\/713\/revisions\/3915"}],"wp:attachment":[{"href":"https:\/\/motel-caesar.at\/de\/wp-json\/wp\/v2\/media?parent=713"}],"curies":[{"name":"wp","href":"https:\/\/api.w.org\/{rel}","templated":true}]}}