{"id":4124,"date":"2024-08-19T01:29:11","date_gmt":"2024-08-18T23:29:11","guid":{"rendered":"https:\/\/motel-caesar.at\/?page_id=4124"},"modified":"2024-08-19T01:38:34","modified_gmt":"2024-08-18T23:38:34","slug":"uber-unser-motel","status":"publish","type":"page","link":"https:\/\/motel-caesar.at\/de\/uber-unser-motel\/","title":{"rendered":"\u00dcber unser Motel"},"content":{"rendered":"<div data-elementor-type=\"wp-page\" data-elementor-id=\"4124\" class=\"elementor elementor-4124\">\n\t\t\t\t\t\t<section class=\"elementor-section elementor-top-section elementor-element elementor-element-bb5256a elementor-section-full_width elementor-section-height-default elementor-section-height-default\" data-id=\"bb5256a\" data-element_type=\"section\" data-e-type=\"section\">\n\t\t\t\t\t\t<div class=\"elementor-container elementor-column-gap-no\">\n\t\t\t\t\t<div class=\"elementor-column elementor-col-100 elementor-top-column elementor-element elementor-element-dec0541\" data-id=\"dec0541\" data-element_type=\"column\" data-e-type=\"column\">\n\t\t\t<div class=\"elementor-widget-wrap elementor-element-populated\">\n\t\t\t\t\t\t<div class=\"elementor-element elementor-element-80e1cce elementor-widget elementor-widget-kinsley-intro\" data-id=\"80e1cce\" data-element_type=\"widget\" data-e-type=\"widget\" data-widget_type=\"kinsley-intro.default\">\n\t\t\t\t<div class=\"elementor-widget-container\">\n\t\t\t\t\t\n    <!-- banner -->\n    <section class=\"knsl-banner-simple knsl-transition-bottom\">\n      \n\t\t\t\t<img decoding=\"async\" src=\"https:\/\/motel-caesar.at\/wp-content\/themes\/kinsley\/assets\/img\/palm.svg\" class=\"knsl-deco-left\" alt=\"palm\" \/>\n\t\t<img decoding=\"async\" src=\"https:\/\/motel-caesar.at\/wp-content\/themes\/kinsley\/assets\/img\/palm.svg\" class=\"knsl-deco-right\" alt=\"palm\" \/>\n\t\t\n\t\n\t  \n      <div class=\"container\">\n        <div class=\"row\">\n          <div class=\"col-lg-12\">\n\n            <div class=\"knsl-center knsl-title-frame\">\n                            <h1 class=\"knsl-title--h knsl-mb-20 knsl-h1-inner\">\n                <span >\n                    \u00dcber unser Motel                <\/span>\n              <\/h1>\n                                          <p class=\"knsl-text knsl-mb-30\">\n                <span >\n                    Unser Motel befindet sich in einer ruhigen und angenehmen Gegend, nur eine kurze Fahrt von Wien entfernt. Wir bieten eine entspannte Atmosph\u00e4re und einen bequemen Zugang zu \u00f6ffentlichen Verkehrsmitteln, die Sie schnell ins Stadtzentrum bringen. In der N\u00e4he finden Sie das G3 Einkaufszentrum und verschiedene Superm\u00e4rkte. Unser Motel verf\u00fcgt auch \u00fcber ein hauseigenes Restaurant, das Ihnen eine Vielzahl an Speisen und Getr\u00e4nken anbietet.                <\/span>\n              <\/p>\n              \n              <ul class=\"knsl-breadcrumbs\"><li><a href=\"https:\/\/motel-caesar.at\/de\" title=\"motel-caesar.at\">Startseite<\/a><\/li><li class=\"tst-active\"><a><\/a><\/li><\/ul>\n            <\/div>\n\n          <\/div>\n        <\/div>\n      <\/div>\n    <\/section>\n    <!-- banner end -->\n\n\t\t\t\t\t\t<\/div>\n\t\t\t\t<\/div>\n\t\t\t\t\t<\/div>\n\t\t<\/div>\n\t\t\t\t\t<\/div>\n\t\t<\/section>\n\t\t<div class=\"elementor-element elementor-element-fb80aa5 e-flex e-con-boxed e-con e-parent\" data-id=\"fb80aa5\" data-element_type=\"container\" data-e-type=\"container\">\n\t\t\t\t\t<div class=\"e-con-inner\">\n\t\t\t\t<div class=\"elementor-element elementor-element-6762a54 elementor-widget elementor-widget-text-editor\" data-id=\"6762a54\" data-element_type=\"widget\" data-e-type=\"widget\" data-widget_type=\"text-editor.default\">\n\t\t\t\t<div class=\"elementor-widget-container\">\n\t\t\t\t\t\t\t\t\t<p><\/p><h3><strong>Unser Motel: Die ideale Wahl f\u00fcr preiswerte und komfortable Unterk\u00fcnfte<\/strong><\/h3><p>Unser Motel ist die ideale Wahl f\u00fcr G\u00e4ste, die eine preiswerte und komfortable Unterkunft suchen. Wir bieten eine breite Auswahl an Zimmeroptionen, die sowohl f\u00fcr Familien als auch f\u00fcr Gesch\u00e4ftsreisende geeignet sind.<\/p><h3><strong>Zimmer und Annehmlichkeiten<\/strong><br \/><strong>Einrichtungen:<\/strong><\/h3><p><strong>Pool:<\/strong> Wir haben einen Pool, der jedoch nicht immer ge\u00f6ffnet ist. Die Nutzung muss im Voraus angefragt werden.<br \/><strong>Garten:<\/strong> Ein Gemeinschaftsgarten steht allen G\u00e4sten zur Verf\u00fcgung.<br \/><strong>W\u00e4scheservice:<\/strong> Auf Anfrage bieten wir unseren G\u00e4sten einen W\u00e4scheservice an.<\/p><h3><strong>Zimmeroptionen:<\/strong><\/h3><p><strong>Studio-Apartment:<\/strong> Ein ger\u00e4umiges Studio-Apartment, das bis zu 5 Personen beherbergen kann.<br \/><strong>Drei-Zimmer-Apartment:<\/strong> Ein gro\u00dfz\u00fcgiges Apartment mit drei separaten Schlafzimmern, das bis zu 7 Personen Platz bietet. Jedes Zimmer ist mit eigenem Bad und Toilette ausgestattet.<br \/><strong>Zweibettzimmer mit K\u00fcche:<\/strong> Zwei Zimmer, jedes f\u00fcr 2 Personen, mit eigener K\u00fcche.<br \/><strong>Standard Zweibettzimmer:<\/strong> Zwei Standardzimmer ohne K\u00fcche, jedes f\u00fcr 2 Personen.<br \/><strong>Dreibettzimmer mit K\u00fcche:<\/strong> Vier Zimmer, jedes f\u00fcr 3 Personen, mit eigener K\u00fcche.<br \/><strong>Budget Dreibettzimmer:<\/strong> Zwei einfache, aber preiswerte Zimmer, jedes f\u00fcr 3 Personen.<\/p><p><strong>Klimaanlage:<\/strong> Wir bieten klimatisierte Zimmer an, jedoch sind nicht alle unsere Zimmer mit Klimaanlagen ausgestattet.<\/p><p><strong>Parkplatz:<\/strong> Es steht ausreichend Parkraum zur Verf\u00fcgung, sodass fast jedes Zimmer einen eigenen Parkplatz hat.<\/p><h3><strong>Lage und Anfahrt<\/strong><br \/><strong>Adresse:<\/strong> Br\u00fcnnerstr. 28, 2201 Gerasdorf bei Wien<\/h3><p>Unser Motel liegt am Stadtrand, nur 1-2 km von Wien entfernt, in unmittelbarer N\u00e4he zum 21. Bezirk von Wien. Die Lage bietet einen hervorragenden Zugang zu den \u00f6ffentlichen Verkehrsmitteln, sodass das Stadtzentrum von Wien in kurzer Zeit erreichbar ist.<\/p><p><strong>\u00d6ffentliche Verkehrsanbindungen<\/strong><br \/><strong>Bushaltestelle:<\/strong> Direkt vor dem Motel befindet sich eine Bushaltestelle. Der Bus bringt Sie in nur einer Station zur U6 Floridsdorf, von wo aus Sie das Stadtzentrum leicht erreichen k\u00f6nnen.<br \/><strong>Stra\u00dfenbahnhaltestelle:<\/strong> Eine Stra\u00dfenbahnhaltestelle befindet sich ebenfalls in der N\u00e4he und bietet eine direkte Verbindung zur U6 Floridsdorf.<\/p><h3><strong>Umgebung und Annehmlichkeiten<\/strong><br \/><strong><br \/>Einkaufen:<\/strong><\/h3><p><strong>Superm\u00e4rkte:<\/strong> Penny- und Billa-Superm\u00e4rkte sind zu Fu\u00df erreichbar, um Ihre t\u00e4glichen Bed\u00fcrfnisse zu decken.<br \/><strong>G3 Einkaufszentrum:<\/strong> Nur 2,5 km entfernt und mit dem Bus erreichbar. Das Einkaufszentrum bietet eine Vielzahl an Restaurants, Caf\u00e9s und Gesch\u00e4ften.<br \/><strong>Restaurant:<\/strong> Unser eigenes Restaurant bietet eine Auswahl an k\u00f6stlichen Speisen und Getr\u00e4nken.<\/p><p><strong>Fahrr\u00e4der und Motorr\u00e4der:<\/strong> F\u00fcr G\u00e4ste, die mit dem Fahrrad oder Motorrad reisen, bieten wir sichere Garagen, in denen sie ihre Fahrzeuge parken k\u00f6nnen.<\/p><p>Unser Motel bietet eine ruhige und komfortable Umgebung mit allen notwendigen Annehmlichkeiten, um Ihren Aufenthalt so angenehm wie m\u00f6glich zu gestalten. Besuchen Sie uns und genie\u00dfen Sie eine preiswerte Unterkunft nahe dem Herzen von Wien.<\/p><p><\/p>\t\t\t\t\t\t\t\t<\/div>\n\t\t\t\t<\/div>\n\t\t\t\t\t<\/div>\n\t\t\t\t<\/div>\n\t\t\t\t<section class=\"elementor-section elementor-top-section elementor-element elementor-element-1edd412 elementor-section-full_width elementor-section-height-default elementor-section-height-default\" data-id=\"1edd412\" data-element_type=\"section\" data-e-type=\"section\">\n\t\t\t\t\t\t<div class=\"elementor-container elementor-column-gap-no\">\n\t\t\t\t\t<div class=\"elementor-column elementor-col-100 elementor-top-column elementor-element elementor-element-d8a79f3\" data-id=\"d8a79f3\" data-element_type=\"column\" data-e-type=\"column\">\n\t\t\t<div class=\"elementor-widget-wrap elementor-element-populated\">\n\t\t\t\t\t\t<div class=\"elementor-element elementor-element-d69d785 elementor-widget elementor-widget-kinsley-features-inner\" data-id=\"d69d785\" data-element_type=\"widget\" data-e-type=\"widget\" data-widget_type=\"kinsley-features-inner.default\">\n\t\t\t\t<div class=\"elementor-widget-container\">\n\t\t\t\t\t\n\t\t<!-- features -->\n\t\t<section class=\"knsl-p-0-90\">\n\t\t <div class=\"container\">\t\t\t<div class=\"row\">\n\t\t\t\t\t\t\t\t<div class=\"col-lg-12\">\n\n\t\t\t\t\t<div class=\"knsl-center knsl-title-frame knsl-mb-100\">\n\t\t\t\t\t\t\t\t\t\t\t\t<h2 class=\"knsl-title--h knsl-mb-20\">\n\t\t\t\t\t\t\t<span >\n\t\t\t\t\t\t\t\t\tWas wir Ihnen bieten\t\t\t\t\t\t\t<\/span>\n\t\t\t\t\t\t<\/h2>\n\t\t\t\t\t\t\t\t\t\t\t\t\t\t\t\t\t\t<div class=\"knsl-text knsl-mb-30\">\n\t\t\t\t\t\t\t<p>\n\t\t\t\t\t\t\t\t<span >\n\t\t\t\t\t\t\t\t\tUnser Motel: Komfortable und erschwingliche Unterk\u00fcnfte in Wien\n\nUnser Motel bietet eine Vielzahl von Annehmlichkeiten, um Ihren Aufenthalt so angenehm wie m\u00f6glich zu gestalten. Wir haben preiswerte Zimmer f\u00fcr jedes Budget, insbesondere angesichts der hohen Unterkunftskosten in Wien. Sie k\u00f6nnen bei uns innerhalb der Stadtgrenzen \u00fcbernachten, ohne weit vom Stadtzentrum entfernt zu sein, und dabei erschwingliche und komfortable Zimmer genie\u00dfen.\n\nUnsere Einrichtungen umfassen:\n\nKostenlose Parkpl\u00e4tze\nEin Schwimmbad\nKlimatisierte Zimmer\nW\u00e4scheservice auf Anfrage\nSmart-TVs in jedem Zimmer\nEin hauseigenes Restaurant\n\nUnsere Zimmert\u00fcren sind mit einem Codesystem ausgestattet, das Ihnen zus\u00e4tzliche Sicherheit bietet. Unser Motel befindet sich in einer sehr ruhigen Gegend und ist nur 5 Minuten mit dem Bus vom Stadtrand von Wien entfernt. Das Stadtzentrum ist leicht mit zwei \u00f6ffentlichen Verkehrsmitteln zu erreichen.\t\t\t\t\t\t\t\t<\/span>\n\t\t\t\t\t\t\t<\/p>\n\t\t\t\t\t\t<\/div>\n\t\t\t\t\t\t\t\t\t\t\t\t\t\t\t\t\t\t<a href=\"#\" class=\"knsl-btn knsl-btn-md\">\n\t\t\t\t\t\t\t<span >\n\t\t\t\t\t\t\t\t\tAusstattung \/ Einrichtungen\t\t\t\t\t\t\t<\/span>\n\t\t\t\t\t\t<\/a>\n\t\t\t\t\t\t\t\t\t\t\t<\/div>\n\t\t\t\t<\/div>\n\t\t\t\t\t\t\t\t\t\t\t\t\t\t\t\t<div class=\"col-lg-3\">\n\t\t\t\t\t<!-- icon box -->\n\t\t\t\t\t<div class=\"knsl-icon-box knsl-scroll-animation\">\n\t\t\t\t\t\t\t\t\t\t\t\t<img decoding=\"async\" src=\"https:\/\/motel-caesar.at\/wp-content\/uploads\/2021\/12\/f-1.png\" class=\"knsl-mb-10\" alt=\"Flughafentransfer\" \/>\n\t\t\t\t\t\t\t\t\t\t\t\t\t\t\t\t\t\t<h5>\n\t\t\t\t\t\t\t<span >\n\t\t\t\t\t\t\t\tFlughafentransfer\t\t\t\t\t\t\t<\/span>\n\t\t\t\t\t\t<\/h5>\n\t\t\t\t\t\t\t\t\t\t\t<\/div>\n\t\t\t\t\t<!-- icon box end -->\n\t\t\t\t<\/div>\n\t\t\t\t\t\t\t\t<div class=\"col-lg-3\">\n\t\t\t\t\t<!-- icon box -->\n\t\t\t\t\t<div class=\"knsl-icon-box knsl-scroll-animation\">\n\t\t\t\t\t\t\t\t\t\t\t\t<img decoding=\"async\" src=\"https:\/\/motel-caesar.at\/wp-content\/uploads\/2021\/12\/f-3.png\" class=\"knsl-mb-10\" alt=\"Klimatisiert\" \/>\n\t\t\t\t\t\t\t\t\t\t\t\t\t\t\t\t\t\t<h5>\n\t\t\t\t\t\t\t<span >\n\t\t\t\t\t\t\t\tKlimatisiert\t\t\t\t\t\t\t<\/span>\n\t\t\t\t\t\t<\/h5>\n\t\t\t\t\t\t\t\t\t\t\t<\/div>\n\t\t\t\t\t<!-- icon box end -->\n\t\t\t\t<\/div>\n\t\t\t\t\t\t\t\t<div class=\"col-lg-3\">\n\t\t\t\t\t<!-- icon box -->\n\t\t\t\t\t<div class=\"knsl-icon-box knsl-scroll-animation\">\n\t\t\t\t\t\t\t\t\t\t\t\t<img decoding=\"async\" src=\"https:\/\/motel-caesar.at\/wp-content\/uploads\/2021\/12\/f-5.png\" class=\"knsl-mb-10\" alt=\"Pool\" \/>\n\t\t\t\t\t\t\t\t\t\t\t\t\t\t\t\t\t\t<h5>\n\t\t\t\t\t\t\t<span >\n\t\t\t\t\t\t\t\tPool\t\t\t\t\t\t\t<\/span>\n\t\t\t\t\t\t<\/h5>\n\t\t\t\t\t\t\t\t\t\t\t<\/div>\n\t\t\t\t\t<!-- icon box end -->\n\t\t\t\t<\/div>\n\t\t\t\t\t\t\t\t<div class=\"col-lg-3\">\n\t\t\t\t\t<!-- icon box -->\n\t\t\t\t\t<div class=\"knsl-icon-box knsl-scroll-animation\">\n\t\t\t\t\t\t\t\t\t\t\t\t<img decoding=\"async\" src=\"https:\/\/motel-caesar.at\/wp-content\/uploads\/2021\/12\/f-6.png\" class=\"knsl-mb-10\" alt=\"Kostenloses WLAN\" \/>\n\t\t\t\t\t\t\t\t\t\t\t\t\t\t\t\t\t\t<h5>\n\t\t\t\t\t\t\t<span >\n\t\t\t\t\t\t\t\tKostenloses WLAN\t\t\t\t\t\t\t<\/span>\n\t\t\t\t\t\t<\/h5>\n\t\t\t\t\t\t\t\t\t\t\t<\/div>\n\t\t\t\t\t<!-- icon box end -->\n\t\t\t\t<\/div>\n\t\t\t\t\t\t\t\t<div class=\"col-lg-3\">\n\t\t\t\t\t<!-- icon box -->\n\t\t\t\t\t<div class=\"knsl-icon-box knsl-scroll-animation\">\n\t\t\t\t\t\t\t\t\t\t\t\t<img decoding=\"async\" src=\"https:\/\/motel-caesar.at\/wp-content\/uploads\/2021\/12\/f-7.png\" class=\"knsl-mb-10\" alt=\"Smart TV\" \/>\n\t\t\t\t\t\t\t\t\t\t\t\t\t\t\t\t\t\t<h5>\n\t\t\t\t\t\t\t<span >\n\t\t\t\t\t\t\t\tSmart TV\t\t\t\t\t\t\t<\/span>\n\t\t\t\t\t\t<\/h5>\n\t\t\t\t\t\t\t\t\t\t\t<\/div>\n\t\t\t\t\t<!-- icon box end -->\n\t\t\t\t<\/div>\n\t\t\t\t\t\t\t\t<div class=\"col-lg-3\">\n\t\t\t\t\t<!-- icon box -->\n\t\t\t\t\t<div class=\"knsl-icon-box knsl-scroll-animation\">\n\t\t\t\t\t\t\t\t\t\t\t\t<img decoding=\"async\" src=\"https:\/\/motel-caesar.at\/wp-content\/uploads\/2021\/12\/f-8.png\" class=\"knsl-mb-10\" alt=\"W\u00e4scherei\" \/>\n\t\t\t\t\t\t\t\t\t\t\t\t\t\t\t\t\t\t<h5>\n\t\t\t\t\t\t\t<span >\n\t\t\t\t\t\t\t\tW\u00e4scherei\t\t\t\t\t\t\t<\/span>\n\t\t\t\t\t\t<\/h5>\n\t\t\t\t\t\t\t\t\t\t\t<\/div>\n\t\t\t\t\t<!-- icon box end -->\n\t\t\t\t<\/div>\n\t\t\t\t\t\t\t\t<div class=\"col-lg-3\">\n\t\t\t\t\t<!-- icon box -->\n\t\t\t\t\t<div class=\"knsl-icon-box knsl-scroll-animation\">\n\t\t\t\t\t\t\t\t\t\t\t\t<img decoding=\"async\" src=\"https:\/\/motel-caesar.at\/wp-content\/uploads\/2024\/08\/free-parking-1.png\" class=\"knsl-mb-10\" alt=\"Kostenlose Parkpl\u00e4tze\" \/>\n\t\t\t\t\t\t\t\t\t\t\t\t\t\t\t\t\t\t<h5>\n\t\t\t\t\t\t\t<span >\n\t\t\t\t\t\t\t\tKostenlose Parkpl\u00e4tze\t\t\t\t\t\t\t<\/span>\n\t\t\t\t\t\t<\/h5>\n\t\t\t\t\t\t\t\t\t\t\t<\/div>\n\t\t\t\t\t<!-- icon box end -->\n\t\t\t\t<\/div>\n\t\t\t\t\t\t\t\t<div class=\"col-lg-3\">\n\t\t\t\t\t<!-- icon box -->\n\t\t\t\t\t<div class=\"knsl-icon-box knsl-scroll-animation\">\n\t\t\t\t\t\t\t\t\t\t\t\t<img decoding=\"async\" src=\"https:\/\/motel-caesar.at\/wp-content\/uploads\/2024\/08\/restaurant.png\" class=\"knsl-mb-10\" alt=\"Restaurant\" \/>\n\t\t\t\t\t\t\t\t\t\t\t\t\t\t\t\t\t\t<h5>\n\t\t\t\t\t\t\t<span >\n\t\t\t\t\t\t\t\tRestaurant\t\t\t\t\t\t\t<\/span>\n\t\t\t\t\t\t<\/h5>\n\t\t\t\t\t\t\t\t\t\t\t<\/div>\n\t\t\t\t\t<!-- icon box end -->\n\t\t\t\t<\/div>\n\t\t\t\t\t\t\t\t\t\t\t<\/div>\n\t\t <\/div>\t\t<\/section>\n\t\t<!-- features end -->\n\n\t\t\t\t\t\t<\/div>\n\t\t\t\t<\/div>\n\t\t\t\t\t<\/div>\n\t\t<\/div>\n\t\t\t\t\t<\/div>\n\t\t<\/section>\n\t\t\t\t<section class=\"elementor-section elementor-top-section elementor-element elementor-element-6c9ca8c elementor-section-full_width elementor-section-height-default elementor-section-height-default\" data-id=\"6c9ca8c\" data-element_type=\"section\" data-e-type=\"section\">\n\t\t\t\t\t\t<div class=\"elementor-container elementor-column-gap-no\">\n\t\t\t\t\t<div class=\"elementor-column elementor-col-100 elementor-top-column elementor-element elementor-element-ddd7d93\" data-id=\"ddd7d93\" data-element_type=\"column\" data-e-type=\"column\">\n\t\t\t<div class=\"elementor-widget-wrap elementor-element-populated\">\n\t\t\t\t\t\t<div class=\"elementor-element elementor-element-1f20111 elementor-widget elementor-widget-kinsley-blog-grid\" data-id=\"1f20111\" data-element_type=\"widget\" data-e-type=\"widget\" data-widget_type=\"kinsley-blog-grid.default\">\n\t\t\t\t<div class=\"elementor-widget-container\">\n\t\t\t\t\t\n\t<!-- blog -->\n\t<section class=\"knsl-transition-middle knsl-p-0-80\">\n\t\t\n\t\t\t\t<img decoding=\"async\" src=\"https:\/\/motel-caesar.at\/wp-content\/themes\/kinsley\/assets\/img\/palm.svg\" class=\"knsl-deco-right\" alt=\"palm\" \/>\n\t\t\n\t\n\t    <div class=\"container\">\t\t\t<div class=\"row  attr-categories-false attr-readmore-false\">\n\t\t\t\t\t\t\t\t<div class=\"col-lg-12\">\n\t\t\t\t\t<div class=\"knsl-center knsl-title-frame knsl-scroll-animation knsl-mb-100\">\n\t\t\t\t\t\t\t\t\t\t<h2 class=\"knsl-title--h knsl-mb-20\">\n\t\t\t\t\t\t<span >\n\t\t\t\t\t\t\t\t\tAttraktionen in der N\u00e4he\t\t\t\t\t\t\t\t<\/span>\n\t\t\t\t\t<\/h2>\n\t\t\t\t\t\t\t\t\t\t\t\t\t\t\t<p class=\"knsl-text knsl-mb-30\">\n\t\t\t\t\t\t<span >\n\t\t\t\t\t\t\t\t\tErkunden Sie die lebendige Umgebung unseres Motels\n\nNur einen 10-min\u00fctigen Spaziergang entfernt finden Sie die atemberaubende Hagia Sophia, einen Ort voller Geschichte und Sch\u00f6nheit. Genie\u00dfen Sie k\u00f6stliche Meeresfr\u00fcchte im Balikci Mehmet, einem renommierten lokalen Restaurant in der N\u00e4he. F\u00fcr Shopping-Enthusiasten ist ein belebtes Einkaufszentrum nur 5 Gehminuten entfernt. Mit \u00f6ffentlichen Verkehrsmitteln direkt vor unserer T\u00fcr ist es einfach und bequem, die Stadt zu erkunden. Erleben Sie das lebhafte Nachtleben mit Bars und Clubs in unmittelbarer N\u00e4he. Genie\u00dfen Sie einen Aufenthalt voller Aufregung und Komfort.\t\t\t\t\t\t\t\t<\/span>\n\t\t\t\t\t<\/p>\n\t\t\t\t\t\t\t\t\t\t\t\t\t\t\t<a  href=\"https:\/\/motel-caesar.at\/de\/blog\/\" class=\"knsl-btn knsl-btn-md\">\n\t\t\t\t\t\t<span >\n\t\t\t\t\t\t\t\t\tAlle Blogbeitr\u00e4ge\t\t\t\t\t\t\t\t<\/span>\n\t\t\t\t\t<\/a>\n\t\t\t\t\t\t\t\t\t\t<\/div>\n\t\t\t\t<\/div>\n\t\t\t\t\n\t\t\t\t\t\t\t\t\t\t\t\t<div class=\"col-md-6 col-lg-4\">\n\n\t\t\t\t\t\n\n\n<!-- blog card -->\n<div class=\"knsl-blog-card\">\n  <div id=\"post-1179\" class=\"post-1179 post type-post status-publish format-standard has-post-thumbnail hentry category-places tag-sea tag-tour tag-travel tag-trip\">\n    <div class=\"knsl-cover-frame\">\n    <a href=\"https:\/\/motel-caesar.at\/de\/about-our-motel\/\">\n    \t    \t<img decoding=\"async\" src=\"https:\/\/motel-caesar.at\/wp-content\/uploads\/2021\/12\/305045712-950x634.jpg\" alt=\"About our Motel\" \/>\n    \t    <\/a>\n\t\t<div class=\"knsl-badge\">\n\t\t\tPlaces\t\t<\/div>\n  <\/div>\n    <div class=\"knsl-description-frame\">\n    <div class=\"knsl-room-features\">\n      <div class=\"knsl-feature knsl-feature-author\">\n                <div class=\"knsl-icon-frame knsl-icon-author\"><img decoding=\"async\" src=\"https:\/\/secure.gravatar.com\/avatar\/53cb00cc892e980c292814dd590c0298469f0b8bf57d5893d1b15daf3b0a74e8?s=96&#038;d=mm&#038;r=g\" alt=\"admin\" \/><\/div>\n                <span>admin<\/span>\n      <\/div>\n\n      \t  \t<div class=\"knsl-feature knsl-feature-date\">\n        <div class=\"knsl-icon-frame\"><span class=\"img-svg img-svg-time\"><\/span><\/div>\n        <span>August 19, 2024<\/span>\n      <\/div>\n\t  \t    <\/div>\n    <a href=\"https:\/\/motel-caesar.at\/de\/about-our-motel\/\" class=\"knsl-title\">\n      <h4 class=\"knsl-mb-20\">\u00dcber unser Motel<\/h4>\n    <\/a>\n    <div class=\"knsl-text-light knsl-text-sm\">\n    \t<p>Unser Motel ist die ideale Wahl f\u00fcr G\u00e4ste, die eine g\u00fcnstige und komfortable Unterkunft suchen. Wir\u2026 <span class=\"knsl-el-more\"><a href=\"https:\/\/motel-caesar.at\/de\/about-our-motel\/\" class=\"knsl-btn\">Read more<span class=\"screen-reader-text\">Read more&nbsp;About our Motel<\/span><\/a><\/span><\/p>\n    <\/div>\n  <\/div>\n  <\/div>\n<\/div>\n<!-- blog card end -->\n\n\n\t\t\t\t<\/div>\n\t\t\t\t\t\t\t\t<div class=\"col-md-6 col-lg-4\">\n\n\t\t\t\t\t\n\n\n<!-- blog card -->\n<div class=\"knsl-blog-card\">\n  <div id=\"post-4145\" class=\"post-4145 post type-post status-publish format-standard has-post-thumbnail hentry category-uncategorized-de\">\n    <div class=\"knsl-cover-frame\">\n    <a href=\"https:\/\/motel-caesar.at\/de\/bequeme-anreise-ins-stadtzentrum-mit-dem-auto-park-ride-leopoldau\/\">\n    \t    \t<img decoding=\"async\" src=\"https:\/\/motel-caesar.at\/wp-content\/uploads\/2021\/12\/xcsm_Wien_-_Park___Ride_d6d78757a3.jpg.pagespeed.ic_.-mooPWHfgE.jpg\" alt=\"Bequeme Anreise ins Stadtzentrum mit dem Auto: Park &amp; Ride Leopoldau.\" \/>\n    \t    <\/a>\n\t\t<div class=\"knsl-badge\">\n\t\t\tUncategorized\t\t<\/div>\n  <\/div>\n    <div class=\"knsl-description-frame\">\n    <div class=\"knsl-room-features\">\n      <div class=\"knsl-feature knsl-feature-author\">\n                <div class=\"knsl-icon-frame knsl-icon-author\"><img decoding=\"async\" src=\"https:\/\/secure.gravatar.com\/avatar\/53cb00cc892e980c292814dd590c0298469f0b8bf57d5893d1b15daf3b0a74e8?s=96&#038;d=mm&#038;r=g\" alt=\"admin\" \/><\/div>\n                <span>admin<\/span>\n      <\/div>\n\n      \t  \t<div class=\"knsl-feature knsl-feature-date\">\n        <div class=\"knsl-icon-frame\"><span class=\"img-svg img-svg-time\"><\/span><\/div>\n        <span>August 19, 2024<\/span>\n      <\/div>\n\t  \t    <\/div>\n    <a href=\"https:\/\/motel-caesar.at\/de\/bequeme-anreise-ins-stadtzentrum-mit-dem-auto-park-ride-leopoldau\/\" class=\"knsl-title\">\n      <h4 class=\"knsl-mb-20\">Bequeme Anreise ins Stadtzentrum mit dem Auto: Park &amp; Ride Leopoldau.<\/h4>\n    <\/a>\n    <div class=\"knsl-text-light knsl-text-sm\">\n    \t<p>F\u00fcr unsere G\u00e4ste, die mit dem Auto anreisen, gibt es eine bequeme M\u00f6glichkeit, das&#8230; <span class=\"knsl-el-more\"><a href=\"https:\/\/motel-caesar.at\/de\/bequeme-anreise-ins-stadtzentrum-mit-dem-auto-park-ride-leopoldau\/\" class=\"knsl-btn\">Read more<span class=\"screen-reader-text\">Read more&nbsp;Bequeme Anreise ins Stadtzentrum mit dem Auto: Park &amp; Ride Leopoldau.<\/span><\/a><\/span><\/p>\n    <\/div>\n  <\/div>\n  <\/div>\n<\/div>\n<!-- blog card end -->\n\n\n\t\t\t\t<\/div>\n\t\t\t\t\t\t\t\t<div class=\"col-md-6 col-lg-4\">\n\n\t\t\t\t\t\n\n\n<!-- blog card -->\n<div class=\"knsl-blog-card\">\n  <div id=\"post-4140\" class=\"post-4140 post type-post status-publish format-standard has-post-thumbnail hentry category-uncategorized-de\">\n    <div class=\"knsl-cover-frame\">\n    <a href=\"https:\/\/motel-caesar.at\/de\/wie-man-vom-motel-ins-stadtzentrum-von-wien-gelangt\/\">\n    \t    \t<img decoding=\"async\" src=\"https:\/\/motel-caesar.at\/wp-content\/uploads\/2021\/12\/5541-950x570.jpeg\" alt=\"Wie man vom Motel ins Stadtzentrum von Wien gelangt\" \/>\n    \t    <\/a>\n\t\t<div class=\"knsl-badge\">\n\t\t\tUncategorized\t\t<\/div>\n  <\/div>\n    <div class=\"knsl-description-frame\">\n    <div class=\"knsl-room-features\">\n      <div class=\"knsl-feature knsl-feature-author\">\n                <div class=\"knsl-icon-frame knsl-icon-author\"><img decoding=\"async\" src=\"https:\/\/secure.gravatar.com\/avatar\/53cb00cc892e980c292814dd590c0298469f0b8bf57d5893d1b15daf3b0a74e8?s=96&#038;d=mm&#038;r=g\" alt=\"admin\" \/><\/div>\n                <span>admin<\/span>\n      <\/div>\n\n      \t  \t<div class=\"knsl-feature knsl-feature-date\">\n        <div class=\"knsl-icon-frame\"><span class=\"img-svg img-svg-time\"><\/span><\/div>\n        <span>August 19, 2024<\/span>\n      <\/div>\n\t  \t    <\/div>\n    <a href=\"https:\/\/motel-caesar.at\/de\/wie-man-vom-motel-ins-stadtzentrum-von-wien-gelangt\/\" class=\"knsl-title\">\n      <h4 class=\"knsl-mb-20\">Wie man vom Motel ins Stadtzentrum von Wien gelangt<\/h4>\n    <\/a>\n    <div class=\"knsl-text-light knsl-text-sm\">\n    \t<p>Es gibt mehrere bequeme M\u00f6glichkeiten, um von der Br\u00fcnnerstr. 28, 2201 Gerasdorf bei Wien&#8230; <span class=\"knsl-el-more\"><a href=\"https:\/\/motel-caesar.at\/de\/wie-man-vom-motel-ins-stadtzentrum-von-wien-gelangt\/\" class=\"knsl-btn\">Read more<span class=\"screen-reader-text\">Read more&nbsp;Wie man vom Motel ins Stadtzentrum von Wien gelangt<\/span><\/a><\/span><\/p>\n    <\/div>\n  <\/div>\n  <\/div>\n<\/div>\n<!-- blog card end -->\n\n\n\t\t\t\t<\/div>\n\t\t\t\t\n\t      \t\t\n\t\t\t\t\t    \t\t\n\t    \t<\/div>\n\t\t<\/div>\t<\/section>\n\t<!-- blog end -->\n\n\t\t\t\t\t\t<\/div>\n\t\t\t\t<\/div>\n\t\t\t\t\t<\/div>\n\t\t<\/div>\n\t\t\t\t\t<\/div>\n\t\t<\/section>\n\t\t\t\t<\/div>","protected":false},"excerpt":{"rendered":"<p>\u00dcber unser Motel Unser Motel befindet sich in einer ruhigen und angenehmen Gegend, nur&#8230; <span class=\"knsl-el-more\"><a href=\"https:\/\/motel-caesar.at\/de\/wie-man-vom-motel-ins-stadtzentrum-von-wien-gelangt\/\" class=\"knsl-btn\">Read more<span class=\"screen-reader-text\">Read more&nbsp;Wie man vom Motel ins Stadtzentrum von Wien gelangt<\/span><\/a><\/span><\/p>","protected":false},"author":1,"featured_media":0,"parent":0,"menu_order":0,"comment_status":"closed","ping_status":"closed","template":"template-layout-builder.php","meta":{"_acf_changed":false,"footnotes":""},"class_list":["post-4124","page","type-page","status-publish","hentry"],"acf":[],"_links":{"self":[{"href":"https:\/\/motel-caesar.at\/de\/wp-json\/wp\/v2\/pages\/4124","targetHints":{"allow":["GET"]}}],"collection":[{"href":"https:\/\/motel-caesar.at\/de\/wp-json\/wp\/v2\/pages"}],"about":[{"href":"https:\/\/motel-caesar.at\/de\/wp-json\/wp\/v2\/types\/page"}],"author":[{"embeddable":true,"href":"https:\/\/motel-caesar.at\/de\/wp-json\/wp\/v2\/users\/1"}],"replies":[{"embeddable":true,"href":"https:\/\/motel-caesar.at\/de\/wp-json\/wp\/v2\/comments?post=4124"}],"version-history":[{"count":7,"href":"https:\/\/motel-caesar.at\/de\/wp-json\/wp\/v2\/pages\/4124\/revisions"}],"predecessor-version":[{"id":4131,"href":"https:\/\/motel-caesar.at\/de\/wp-json\/wp\/v2\/pages\/4124\/revisions\/4131"}],"wp:attachment":[{"href":"https:\/\/motel-caesar.at\/de\/wp-json\/wp\/v2\/media?parent=4124"}],"curies":[{"name":"wp","href":"https:\/\/api.w.org\/{rel}","templated":true}]}}