{"id":3,"date":"2024-07-23T16:52:46","date_gmt":"2024-07-23T16:52:46","guid":{"rendered":"https:\/\/motel-caesar.at\/?page_id=3"},"modified":"2024-08-10T16:01:58","modified_gmt":"2024-08-10T14:01:58","slug":"terms-and-conditions","status":"publish","type":"page","link":"https:\/\/motel-caesar.at\/de\/terms-and-conditions\/","title":{"rendered":"Terms and conditions"},"content":{"rendered":"\t\t<div data-elementor-type=\"wp-page\" data-elementor-id=\"3\" class=\"elementor elementor-3\">\n\t\t\t\t<div class=\"elementor-element elementor-element-5dcba3bc e-flex e-con-boxed e-con e-parent\" data-id=\"5dcba3bc\" data-element_type=\"container\" data-e-type=\"container\">\n\t\t\t\t\t<div class=\"e-con-inner\">\n\t\t\t\t<div class=\"elementor-element elementor-element-6582b7b2 elementor-widget elementor-widget-text-editor\" data-id=\"6582b7b2\" data-element_type=\"widget\" data-e-type=\"widget\" data-widget_type=\"text-editor.default\">\n\t\t\t\t<div class=\"elementor-widget-container\">\n\t\t\t\t\t\t\t\t\t\n<p><strong>Allgemeine Gesch\u00e4ftsbedingungen (AGB)<\/strong><\/p>\n<p><strong>1. Reservierung und Stornierung<\/strong><br \/>1.1. Eine Reservierung wird als verbindlich angesehen, sobald sie von uns schriftlich oder elektronisch best\u00e4tigt wurde.<br \/>1.2. Bis zu 15 Tage vor dem Anreisedatum sind keine Stornierungen oder \u00c4nderungen der Buchung m\u00f6glich.<br \/>1.3. Bei Stornierungen, die 14 Tage vor dem Anreisedatum vorgenommen werden, wird eine Stornogeb\u00fchr in H\u00f6he von 30% des gesamten Buchungsbetrags erhoben.<br \/>1.4. Bei einer Stornierung innerhalb von 14 Tagen vor dem Anreisedatum wird der gesamte Buchungsbetrag f\u00e4llig.<\/p>\n<p><strong>2. Sch\u00e4den und Verlust<\/strong><br \/>2.1. Der Gast haftet f\u00fcr alle Sch\u00e4den, die w\u00e4hrend seines Aufenthalts am Inventar des Zimmers oder der allgemeinen Einrichtungen des Motels entstehen. Der Ersatz besch\u00e4digter Gegenst\u00e4nde wird dem Gast in Rechnung gestellt.<br \/>2.2. Bei Verlust von Schl\u00fcsselkarten oder Zimmerschl\u00fcsseln wird eine Geb\u00fchr f\u00fcr den Ersatz des T\u00fcrschlosses oder der Karte erhoben.<\/p>\n<p><strong>3. Zuweisung der Zimmer<\/strong><br \/>3.1. Die Zuweisung der Zimmer erfolgt nach Verf\u00fcgbarkeit. Sollte das reservierte Zimmer aufgrund technischer Probleme oder anderer unvorhersehbarer Umst\u00e4nde nicht verf\u00fcgbar sein, behalten wir uns das Recht vor, ein Zimmer mit \u00e4hnlicher Ausstattung und vergleichbarem Standard zuzuweisen.<br \/>3.2. Es kann nicht garantiert werden, dass bestimmte Zimmerw\u00fcnsche erf\u00fcllt werden, jedoch wird das Motel bem\u00fcht sein, die W\u00fcnsche der G\u00e4ste nach M\u00f6glichkeit zu ber\u00fccksichtigen.<\/p>\n<p><strong>4. R\u00fccktrittsrecht des Motels<\/strong><br \/>4.1. Das Motel beh\u00e4lt sich das Recht vor, Reservierungen aus technischen Gr\u00fcnden, aufgrund h\u00f6herer Gewalt oder anderer nicht vorhersehbarer Umst\u00e4nde, die au\u00dferhalb unseres Einflussbereichs liegen, zu stornieren. In einem solchen Fall wird der Gast unverz\u00fcglich informiert und bereits geleistete Zahlungen werden vollst\u00e4ndig zur\u00fcckerstattet.<\/p>\n<p><strong>5. Check-in und Check-out<\/strong><br \/>5.1. Der Check-in ist ab [Check-in-Zeit] Uhr m\u00f6glich, der Check-out muss bis sp\u00e4testens [Check-out-Zeit] Uhr erfolgen.<br \/>5.2. Eine versp\u00e4tete Abreise kann zus\u00e4tzliche Geb\u00fchren nach sich ziehen, sofern dies nicht im Voraus vereinbart wurde.<\/p>\n<p><strong>6. Haftung<\/strong><br \/>6.1. Das Motel haftet nicht f\u00fcr den Verlust oder die Besch\u00e4digung von pers\u00f6nlichen Gegenst\u00e4nden des Gastes, es sei denn, der Verlust oder die Besch\u00e4digung ist auf grobe Fahrl\u00e4ssigkeit des Motels zur\u00fcckzuf\u00fchren.<br \/>6.2. Der Gast wird gebeten, Wertsachen im Safe des Zimmers aufzubewahren oder sie an der Rezeption zur sicheren Verwahrung abzugeben.<\/p>\n<p><strong>7. Zahlung<\/strong><br \/>7.1. Die Zahlung des Buchungsbetrags erfolgt gem\u00e4\u00df den im Buchungsprozess angegebenen Bedingungen. Akzeptierte Zahlungsmethoden umfassen [z. B. Kreditkarte, \u00dcberweisung, Bargeld].<br \/>7.2. Im Falle einer Nichtzahlung beh\u00e4lt sich das Motel das Recht vor, die Buchung zu stornieren.<\/p>\n<p><strong>8. Hausordnung<\/strong><br \/>8.1. Der Gast verpflichtet sich, die Hausordnung des Motels zu beachten und die Ruhezeiten einzuhalten.<br \/>8.2. Bei Verst\u00f6\u00dfen gegen die Hausordnung oder in F\u00e4llen unangemessenen Verhaltens beh\u00e4lt sich das Motel das Recht vor, den Gast ohne R\u00fcckerstattung des Buchungsbetrags des Hauses zu verweisen.<\/p>\n<p><strong>9. Datenschutz<\/strong><br \/>9.1. Das Motel verpflichtet sich, die personenbezogenen Daten der G\u00e4ste gem\u00e4\u00df den geltenden Datenschutzgesetzen zu sch\u00fctzen und sie nur f\u00fcr die Abwicklung der Buchung sowie f\u00fcr betriebsinterne Zwecke zu verwenden.<\/p>\n<p><strong>10. Gerichtsstand und anwendbares Recht<\/strong><br \/>10.1. F\u00fcr alle Streitigkeiten aus oder im Zusammenhang mit der Buchung und dem Aufenthalt im Motel ist der Gerichtsstand [Ort des Motels].<br \/>10.2. Es gilt das Recht der [Land, in dem das Motel sich befindet].<\/p>\t\t\t\t\t\t\t\t<\/div>\n\t\t\t\t<\/div>\n\t\t\t\t\t<\/div>\n\t\t\t\t<\/div>\n\t\t\t\t<\/div>\n\t\t","protected":false},"excerpt":{"rendered":"<p>Allgemeine Gesch\u00e4ftsbedingungen (AGB) 1. Reservierung und Stornierung1.1. Eine Reservierung wird als verbindlich angesehen, sobald sie von uns schriftlich oder elektronisch&#8230; <span class=\"knsl-el-more\"><a href=\"https:\/\/motel-caesar.at\/de\/terms-and-conditions\/\" class=\"knsl-btn\">Read more<span class=\"screen-reader-text\">Read more&nbsp;Terms and conditions<\/span><\/a><\/span><\/p>","protected":false},"author":1,"featured_media":0,"parent":0,"menu_order":0,"comment_status":"closed","ping_status":"closed","template":"","meta":{"_acf_changed":false,"footnotes":""},"class_list":["post-3","page","type-page","status-publish","hentry"],"acf":[],"_links":{"self":[{"href":"https:\/\/motel-caesar.at\/de\/wp-json\/wp\/v2\/pages\/3","targetHints":{"allow":["GET"]}}],"collection":[{"href":"https:\/\/motel-caesar.at\/de\/wp-json\/wp\/v2\/pages"}],"about":[{"href":"https:\/\/motel-caesar.at\/de\/wp-json\/wp\/v2\/types\/page"}],"author":[{"embeddable":true,"href":"https:\/\/motel-caesar.at\/de\/wp-json\/wp\/v2\/users\/1"}],"replies":[{"embeddable":true,"href":"https:\/\/motel-caesar.at\/de\/wp-json\/wp\/v2\/comments?post=3"}],"version-history":[{"count":5,"href":"https:\/\/motel-caesar.at\/de\/wp-json\/wp\/v2\/pages\/3\/revisions"}],"predecessor-version":[{"id":3893,"href":"https:\/\/motel-caesar.at\/de\/wp-json\/wp\/v2\/pages\/3\/revisions\/3893"}],"wp:attachment":[{"href":"https:\/\/motel-caesar.at\/de\/wp-json\/wp\/v2\/media?parent=3"}],"curies":[{"name":"wp","href":"https:\/\/api.w.org\/{rel}","templated":true}]}}