{"id":287,"date":"2021-12-05T00:09:06","date_gmt":"2021-12-05T00:09:06","guid":{"rendered":"https:\/\/kinsley-demo.bslthemes.com\/?page_id=287"},"modified":"2024-08-10T16:13:41","modified_gmt":"2024-08-10T14:13:41","slug":"about-our-motel","status":"publish","type":"page","link":"https:\/\/motel-caesar.at\/de\/about-our-motel\/","title":{"rendered":"\u00dcber unser Motel"},"content":{"rendered":"<div data-elementor-type=\"wp-page\" data-elementor-id=\"287\" class=\"elementor elementor-287\">\n\t\t\t\t\t\t<section class=\"elementor-section elementor-top-section elementor-element elementor-element-bb5256a elementor-section-full_width elementor-section-height-default elementor-section-height-default\" data-id=\"bb5256a\" data-element_type=\"section\" data-e-type=\"section\">\n\t\t\t\t\t\t<div class=\"elementor-container elementor-column-gap-no\">\n\t\t\t\t\t<div class=\"elementor-column elementor-col-100 elementor-top-column elementor-element elementor-element-dec0541\" data-id=\"dec0541\" data-element_type=\"column\" data-e-type=\"column\">\n\t\t\t<div class=\"elementor-widget-wrap elementor-element-populated\">\n\t\t\t\t\t\t<div class=\"elementor-element elementor-element-80e1cce elementor-widget elementor-widget-kinsley-intro\" data-id=\"80e1cce\" data-element_type=\"widget\" data-e-type=\"widget\" data-widget_type=\"kinsley-intro.default\">\n\t\t\t\t<div class=\"elementor-widget-container\">\n\t\t\t\t\t\n    <!-- banner -->\n    <section class=\"knsl-banner-simple knsl-transition-bottom\">\n      \n\t\t\t\t<img decoding=\"async\" src=\"https:\/\/motel-caesar.at\/wp-content\/themes\/kinsley\/assets\/img\/palm.svg\" class=\"knsl-deco-left\" alt=\"palm\" \/>\n\t\t<img decoding=\"async\" src=\"https:\/\/motel-caesar.at\/wp-content\/themes\/kinsley\/assets\/img\/palm.svg\" class=\"knsl-deco-right\" alt=\"palm\" \/>\n\t\t\n\t\n\t  \n      <div class=\"container\">\n        <div class=\"row\">\n          <div class=\"col-lg-12\">\n\n            <div class=\"knsl-center knsl-title-frame\">\n                            <h1 class=\"knsl-title--h knsl-mb-20 knsl-h1-inner\">\n                <span >\n                    \u00dcber unser Motel                <\/span>\n              <\/h1>\n                                          <p class=\"knsl-text knsl-mb-30\">\n                <span >\n                    Unser Motel liegt in einer ruhigen und angenehmen Gegend, nur eine kurze Autofahrt von Wien entfernt. Wir bieten eine entspannte Atmosph\u00e4re und eine bequeme Anbindung an \u00f6ffentliche Verkehrsmittel, die Sie schnell in die Innenstadt bringen. In der N\u00e4he finden Sie das Einkaufszentrum G3 und verschiedene Superm\u00e4rkte. Unser Motel verf\u00fcgt au\u00dferdem \u00fcber ein hauseigenes Restaurant, das Ihnen eine Auswahl an Speisen und Getr\u00e4nken bietet.                <\/span>\n              <\/p>\n              \n              <ul class=\"knsl-breadcrumbs\"><li><a href=\"https:\/\/motel-caesar.at\/de\" title=\"motel-caesar.at\">Startseite<\/a><\/li><li class=\"tst-active\"><a><\/a><\/li><\/ul>\n            <\/div>\n\n          <\/div>\n        <\/div>\n      <\/div>\n    <\/section>\n    <!-- banner end -->\n\n\t\t\t\t\t\t<\/div>\n\t\t\t\t<\/div>\n\t\t\t\t\t<\/div>\n\t\t<\/div>\n\t\t\t\t\t<\/div>\n\t\t<\/section>\n\t\t<div class=\"elementor-element elementor-element-fb80aa5 e-flex e-con-boxed e-con e-parent\" data-id=\"fb80aa5\" data-element_type=\"container\" data-e-type=\"container\">\n\t\t\t\t\t<div class=\"e-con-inner\">\n\t\t\t\t<div class=\"elementor-element elementor-element-6762a54 elementor-widget elementor-widget-text-editor\" data-id=\"6762a54\" data-element_type=\"widget\" data-e-type=\"widget\" data-widget_type=\"text-editor.default\">\n\t\t\t\t<div class=\"elementor-widget-container\">\n\t\t\t\t\t\t\t\t\t<p><\/p>\n<p>Unser Motel ist die ideale Wahl f\u00fcr G\u00e4ste, die eine g\u00fcnstige und komfortable Unterkunft suchen. Wir bieten eine gro\u00dfe Auswahl an Zimmern, die sowohl f\u00fcr Familien als auch f\u00fcr Gesch\u00e4ftsreisende geeignet sind.<\/p>\n<h3>Zimmer und Ausstattung<\/h3>\n<p><strong>Einrichtungen:<\/strong><\/p>\n<ul>\n<li><strong>Pool:<\/strong> Wir verf\u00fcgen \u00fcber einen Pool, dieser ist jedoch nicht immer ge\u00f6ffnet. Die Nutzung muss im Voraus angemeldet werden.<\/li>\n<li><strong>Garten:<\/strong> Ein gemeinschaftlicher Garten steht allen G\u00e4sten zur Verf\u00fcgung.<\/li>\n<li><strong>W\u00e4scheservice:<\/strong> Auf Wunsch bieten wir f\u00fcr unsere G\u00e4ste einen W\u00e4scheservice an.<\/li>\n<\/ul>\n<p><strong>Zimmeroptionen:<\/strong><\/p>\n<ul>\n<li><strong>Studio-Apartment:<\/strong> Ein ger\u00e4umiges Studio-Apartment f\u00fcr bis zu 5 Personen.<\/li>\n<li><strong>Apartment mit drei Schlafzimmern:<\/strong> Ein gro\u00dfz\u00fcgiges Apartment mit drei separaten Schlafzimmern f\u00fcr bis zu 7 Personen. Jedes Zimmer ist mit einem eigenen Bad und WC ausgestattet.<\/li>\n<li><strong>Zweibettzimmer mit K\u00fcche:<\/strong> Zwei Zimmer f\u00fcr jeweils 2 Personen mit eigener K\u00fcche.<\/li>\n<li><strong>Standard-Zweibettzimmer:<\/strong> Zwei Standardzimmer ohne K\u00fcche f\u00fcr jeweils 2 Personen.<\/li>\n<li><strong>Dreibettzimmer mit K\u00fcche:<\/strong> Vier Zimmer f\u00fcr jeweils 3 Personen mit eigener K\u00fcche.<\/li>\n<li><strong>Budget-Dreibettzimmer:<\/strong> Zwei einfache, aber preisg\u00fcnstige Zimmer f\u00fcr jeweils 3 Personen.<\/li>\n<\/ul>\n<p><strong>Klimaanlage:<\/strong> Wir bieten klimatisierte Zimmer an, allerdings sind nicht alle unserer Zimmer mit einer Klimaanlage ausgestattet.<\/p>\n<p><strong>Parkpl\u00e4tze:<\/strong> Ausreichend Parkpl\u00e4tze sind vorhanden, so dass fast jedes Zimmer einen eigenen Stellplatz hat.<\/p>\n<h3><br \/>Standort<\/h3>\n<p><strong>Adresse:<\/strong> Br\u00fcnnerstr. 28, 2201 Gerasdorf bei Wien<\/p>\n<p>Unser Motel liegt am Stadtrand, nur 1-2 km von Wien entfernt, in unmittelbarer N\u00e4he zum 21. Wiener Bezirk. Die Lage bietet eine hervorragende Anbindung an \u00f6ffentliche Verkehrsmittel, sodass Sie die Wiener Innenstadt in kurzer Zeit bequem erreichen k\u00f6nnen.<\/p>\n<h3><br \/>\u00d6ffentliche Verkehrsanbindung<\/h3>\n<ul>\n<li><strong>Bushaltestelle:<\/strong> Direkt vor dem Motel befindet sich eine Bushaltestelle. Mit dem Bus gelangen Sie in nur einer Station zur U6 Floridsdorf, von wo aus Sie bequem in die Innenstadt gelangen.<\/li>\n<li><strong>Stra\u00dfenbahn:<\/strong> Auch eine Stra\u00dfenbahnhaltestelle befindet sich in unmittelbarer N\u00e4he und bietet eine direkte Anbindung an die U6 Floridsdorf.<\/li>\n<\/ul>\n<h3><br \/><br \/>Umgebung und Ausstattung<\/h3>\n<p><strong>Einkaufen:<\/strong><\/p>\n<ul>\n<li><strong>Superm\u00e4rkte:<\/strong> F\u00fcr den t\u00e4glichen Bedarf sind Penny- und Billa-Superm\u00e4rkte fu\u00dfl\u00e4ufig erreichbar.<\/li>\n<li><strong>G3 Einkaufszentrum:<\/strong> Nur 2,5 km entfernt, mit dem Bus erreichbar. Das Einkaufszentrum bietet eine Vielzahl an Restaurants, Caf\u00e9s und Gesch\u00e4ften.<\/li>\n<\/ul>\n<p><strong>Restaurant:<\/strong> Unser hauseigenes Restaurant bietet eine Auswahl an k\u00f6stlichen Speisen und Getr\u00e4nken.<\/p>\n<p><strong>Fahrr\u00e4der und Motorr\u00e4der:<\/strong> G\u00e4sten, die mit dem Fahrrad oder Motorrad anreisen, bieten wir sichere Garagen zum Abstellen ihrer Fahrzeuge an.<\/p>\n<p>Unser Motel bietet eine ruhige und komfortable Umgebung mit allen notwendigen Annehmlichkeiten, um Ihren Aufenthalt so angenehm wie m\u00f6glich zu gestalten. Besuchen Sie uns und genie\u00dfen Sie eine preiswerte Unterkunft in der N\u00e4he des Herzens von Wien.<\/p>\n<p><\/p>\t\t\t\t\t\t\t\t<\/div>\n\t\t\t\t<\/div>\n\t\t\t\t\t<\/div>\n\t\t\t\t<\/div>\n\t\t\t\t<section class=\"elementor-section elementor-top-section elementor-element elementor-element-1edd412 elementor-section-full_width elementor-section-height-default elementor-section-height-default\" data-id=\"1edd412\" data-element_type=\"section\" data-e-type=\"section\">\n\t\t\t\t\t\t<div class=\"elementor-container elementor-column-gap-no\">\n\t\t\t\t\t<div class=\"elementor-column elementor-col-100 elementor-top-column elementor-element elementor-element-d8a79f3\" data-id=\"d8a79f3\" data-element_type=\"column\" data-e-type=\"column\">\n\t\t\t<div class=\"elementor-widget-wrap elementor-element-populated\">\n\t\t\t\t\t\t<div class=\"elementor-element elementor-element-d69d785 elementor-widget elementor-widget-kinsley-features-inner\" data-id=\"d69d785\" data-element_type=\"widget\" data-e-type=\"widget\" data-widget_type=\"kinsley-features-inner.default\">\n\t\t\t\t<div class=\"elementor-widget-container\">\n\t\t\t\t\t\n\t\t<!-- features -->\n\t\t<section class=\"knsl-p-0-90\">\n\t\t <div class=\"container\">\t\t\t<div class=\"row\">\n\t\t\t\t\t\t\t\t<div class=\"col-lg-12\">\n\n\t\t\t\t\t<div class=\"knsl-center knsl-title-frame knsl-mb-100\">\n\t\t\t\t\t\t\t\t\t\t\t\t<h2 class=\"knsl-title--h knsl-mb-20\">\n\t\t\t\t\t\t\t<span >\n\t\t\t\t\t\t\t\t\tWas wir Ihnen bieten\t\t\t\t\t\t\t<\/span>\n\t\t\t\t\t\t<\/h2>\n\t\t\t\t\t\t\t\t\t\t\t\t\t\t\t\t\t\t<div class=\"knsl-text knsl-mb-30\">\n\t\t\t\t\t\t\t<p>\n\t\t\t\t\t\t\t\t<span >\n\t\t\t\t\t\t\t\t\tUnser Motel bietet eine Vielzahl von Annehmlichkeiten, um Ihren Aufenthalt so angenehm wie m\u00f6glich zu gestalten. Wir haben g\u00fcnstige Zimmer f\u00fcr jedes Budget, insbesondere angesichts der hohen \u00dcbernachtungskosten in Wien. Sie k\u00f6nnen bei uns innerhalb der Stadtgrenzen \u00fcbernachten, ohne weit vom Stadtzentrum entfernt zu sein, und gleichzeitig g\u00fcnstige und komfortable Zimmer genie\u00dfen.\n\nZu unseren Einrichtungen geh\u00f6ren:\n\nKostenlose Parkpl\u00e4tze\n\nEin Swimmingpool\n\nKlimatisierte Zimmer\n\nW\u00e4scheservice auf Anfrage\n\nSmart-TVs in jedem Zimmer\n\nEin hauseigenes Restaurant\n\nUnsere Zimmert\u00fcren sind mit einem Codesystem ausgestattet, um Ihnen zus\u00e4tzliche Sicherheit zu bieten. Unser Motel liegt in einer sehr ruhigen Gegend und ist nur 5 Busminuten vom Stadtrand von Wien entfernt. Das Stadtzentrum ist mit zwei \u00f6ffentlichen Verkehrsmitteln bequem zu erreichen.\t\t\t\t\t\t\t\t<\/span>\n\t\t\t\t\t\t\t<\/p>\n\t\t\t\t\t\t<\/div>\n\t\t\t\t\t\t\t\t\t\t\t\t\t\t\t\t\t\t<a href=\"#\" class=\"knsl-btn knsl-btn-md\">\n\t\t\t\t\t\t\t<span >\n\t\t\t\t\t\t\t\t\tAusstattung\t\t\t\t\t\t\t<\/span>\n\t\t\t\t\t\t<\/a>\n\t\t\t\t\t\t\t\t\t\t\t<\/div>\n\t\t\t\t<\/div>\n\t\t\t\t\t\t\t\t\t\t\t\t\t\t\t\t<div class=\"col-lg-3\">\n\t\t\t\t\t<!-- icon box -->\n\t\t\t\t\t<div class=\"knsl-icon-box knsl-scroll-animation\">\n\t\t\t\t\t\t\t\t\t\t\t\t<img decoding=\"async\" src=\"https:\/\/motel-caesar.at\/wp-content\/uploads\/2021\/12\/f-1.png\" class=\"knsl-mb-10\" alt=\"Airport transfer\" \/>\n\t\t\t\t\t\t\t\t\t\t\t\t\t\t\t\t\t\t<h5>\n\t\t\t\t\t\t\t<span >\n\t\t\t\t\t\t\t\tFlughafentransfer\t\t\t\t\t\t\t<\/span>\n\t\t\t\t\t\t<\/h5>\n\t\t\t\t\t\t\t\t\t\t\t<\/div>\n\t\t\t\t\t<!-- icon box end -->\n\t\t\t\t<\/div>\n\t\t\t\t\t\t\t\t<div class=\"col-lg-3\">\n\t\t\t\t\t<!-- icon box -->\n\t\t\t\t\t<div class=\"knsl-icon-box knsl-scroll-animation\">\n\t\t\t\t\t\t\t\t\t\t\t\t<img decoding=\"async\" src=\"https:\/\/motel-caesar.at\/wp-content\/uploads\/2021\/12\/f-3.png\" class=\"knsl-mb-10\" alt=\"Air-conditioned\" \/>\n\t\t\t\t\t\t\t\t\t\t\t\t\t\t\t\t\t\t<h5>\n\t\t\t\t\t\t\t<span >\n\t\t\t\t\t\t\t\tKlimatisiert\t\t\t\t\t\t\t<\/span>\n\t\t\t\t\t\t<\/h5>\n\t\t\t\t\t\t\t\t\t\t\t<\/div>\n\t\t\t\t\t<!-- icon box end -->\n\t\t\t\t<\/div>\n\t\t\t\t\t\t\t\t<div class=\"col-lg-3\">\n\t\t\t\t\t<!-- icon box -->\n\t\t\t\t\t<div class=\"knsl-icon-box knsl-scroll-animation\">\n\t\t\t\t\t\t\t\t\t\t\t\t<img decoding=\"async\" src=\"https:\/\/motel-caesar.at\/wp-content\/uploads\/2021\/12\/f-5.png\" class=\"knsl-mb-10\" alt=\"Pool\" \/>\n\t\t\t\t\t\t\t\t\t\t\t\t\t\t\t\t\t\t<h5>\n\t\t\t\t\t\t\t<span >\n\t\t\t\t\t\t\t\tPool\t\t\t\t\t\t\t<\/span>\n\t\t\t\t\t\t<\/h5>\n\t\t\t\t\t\t\t\t\t\t\t<\/div>\n\t\t\t\t\t<!-- icon box end -->\n\t\t\t\t<\/div>\n\t\t\t\t\t\t\t\t<div class=\"col-lg-3\">\n\t\t\t\t\t<!-- icon box -->\n\t\t\t\t\t<div class=\"knsl-icon-box knsl-scroll-animation\">\n\t\t\t\t\t\t\t\t\t\t\t\t<img decoding=\"async\" src=\"https:\/\/motel-caesar.at\/wp-content\/uploads\/2021\/12\/f-6.png\" class=\"knsl-mb-10\" alt=\"Free wi-fi\" \/>\n\t\t\t\t\t\t\t\t\t\t\t\t\t\t\t\t\t\t<h5>\n\t\t\t\t\t\t\t<span >\n\t\t\t\t\t\t\t\tFree wi-fi\t\t\t\t\t\t\t<\/span>\n\t\t\t\t\t\t<\/h5>\n\t\t\t\t\t\t\t\t\t\t\t<\/div>\n\t\t\t\t\t<!-- icon box end -->\n\t\t\t\t<\/div>\n\t\t\t\t\t\t\t\t<div class=\"col-lg-3\">\n\t\t\t\t\t<!-- icon box -->\n\t\t\t\t\t<div class=\"knsl-icon-box knsl-scroll-animation\">\n\t\t\t\t\t\t\t\t\t\t\t\t<img decoding=\"async\" src=\"https:\/\/motel-caesar.at\/wp-content\/uploads\/2021\/12\/f-7.png\" class=\"knsl-mb-10\" alt=\"Smart TV\" \/>\n\t\t\t\t\t\t\t\t\t\t\t\t\t\t\t\t\t\t<h5>\n\t\t\t\t\t\t\t<span >\n\t\t\t\t\t\t\t\tSmart TV\t\t\t\t\t\t\t<\/span>\n\t\t\t\t\t\t<\/h5>\n\t\t\t\t\t\t\t\t\t\t\t<\/div>\n\t\t\t\t\t<!-- icon box end -->\n\t\t\t\t<\/div>\n\t\t\t\t\t\t\t\t<div class=\"col-lg-3\">\n\t\t\t\t\t<!-- icon box -->\n\t\t\t\t\t<div class=\"knsl-icon-box knsl-scroll-animation\">\n\t\t\t\t\t\t\t\t\t\t\t\t<img decoding=\"async\" src=\"https:\/\/motel-caesar.at\/wp-content\/uploads\/2021\/12\/f-8.png\" class=\"knsl-mb-10\" alt=\"Laundry\" \/>\n\t\t\t\t\t\t\t\t\t\t\t\t\t\t\t\t\t\t<h5>\n\t\t\t\t\t\t\t<span >\n\t\t\t\t\t\t\t\tW\u00e4scherei\t\t\t\t\t\t\t<\/span>\n\t\t\t\t\t\t<\/h5>\n\t\t\t\t\t\t\t\t\t\t\t<\/div>\n\t\t\t\t\t<!-- icon box end -->\n\t\t\t\t<\/div>\n\t\t\t\t\t\t\t\t<div class=\"col-lg-3\">\n\t\t\t\t\t<!-- icon box -->\n\t\t\t\t\t<div class=\"knsl-icon-box knsl-scroll-animation\">\n\t\t\t\t\t\t\t\t\t\t\t\t<img decoding=\"async\" src=\"https:\/\/motel-caesar.at\/wp-content\/uploads\/2024\/08\/free-parking-1.png\" class=\"knsl-mb-10\" alt=\"Free Parking\" \/>\n\t\t\t\t\t\t\t\t\t\t\t\t\t\t\t\t\t\t<h5>\n\t\t\t\t\t\t\t<span >\n\t\t\t\t\t\t\t\tKostenlose Parkpl\u00e4tze\t\t\t\t\t\t\t<\/span>\n\t\t\t\t\t\t<\/h5>\n\t\t\t\t\t\t\t\t\t\t\t<\/div>\n\t\t\t\t\t<!-- icon box end -->\n\t\t\t\t<\/div>\n\t\t\t\t\t\t\t\t<div class=\"col-lg-3\">\n\t\t\t\t\t<!-- icon box -->\n\t\t\t\t\t<div class=\"knsl-icon-box knsl-scroll-animation\">\n\t\t\t\t\t\t\t\t\t\t\t\t<img decoding=\"async\" src=\"https:\/\/motel-caesar.at\/wp-content\/uploads\/2024\/08\/restaurant.png\" class=\"knsl-mb-10\" alt=\"Restaurant\" \/>\n\t\t\t\t\t\t\t\t\t\t\t\t\t\t\t\t\t\t<h5>\n\t\t\t\t\t\t\t<span >\n\t\t\t\t\t\t\t\tRestaurant\t\t\t\t\t\t\t<\/span>\n\t\t\t\t\t\t<\/h5>\n\t\t\t\t\t\t\t\t\t\t\t<\/div>\n\t\t\t\t\t<!-- icon box end -->\n\t\t\t\t<\/div>\n\t\t\t\t\t\t\t\t\t\t\t<\/div>\n\t\t <\/div>\t\t<\/section>\n\t\t<!-- features end -->\n\n\t\t\t\t\t\t<\/div>\n\t\t\t\t<\/div>\n\t\t\t\t\t<\/div>\n\t\t<\/div>\n\t\t\t\t\t<\/div>\n\t\t<\/section>\n\t\t\t\t<section class=\"elementor-section elementor-top-section elementor-element elementor-element-6c9ca8c elementor-section-full_width elementor-section-height-default elementor-section-height-default\" data-id=\"6c9ca8c\" data-element_type=\"section\" data-e-type=\"section\">\n\t\t\t\t\t\t<div class=\"elementor-container elementor-column-gap-no\">\n\t\t\t\t\t<div class=\"elementor-column elementor-col-100 elementor-top-column elementor-element elementor-element-ddd7d93\" data-id=\"ddd7d93\" data-element_type=\"column\" data-e-type=\"column\">\n\t\t\t<div class=\"elementor-widget-wrap elementor-element-populated\">\n\t\t\t\t\t\t<div class=\"elementor-element elementor-element-1f20111 elementor-widget elementor-widget-kinsley-blog-grid\" data-id=\"1f20111\" data-element_type=\"widget\" data-e-type=\"widget\" data-widget_type=\"kinsley-blog-grid.default\">\n\t\t\t\t<div class=\"elementor-widget-container\">\n\t\t\t\t\t\n\t<!-- blog -->\n\t<section class=\"knsl-transition-middle knsl-p-0-80\">\n\t\t\n\t\t\t\t<img decoding=\"async\" src=\"https:\/\/motel-caesar.at\/wp-content\/themes\/kinsley\/assets\/img\/palm.svg\" class=\"knsl-deco-right\" alt=\"palm\" \/>\n\t\t\n\t\n\t    <div class=\"container\">\t\t\t<div class=\"row  attr-categories-false attr-readmore-false\">\n\t\t\t\t\t\t\t\t<div class=\"col-lg-12\">\n\t\t\t\t\t<div class=\"knsl-center knsl-title-frame knsl-scroll-animation knsl-mb-100\">\n\t\t\t\t\t\t\t\t\t\t<h2 class=\"knsl-title--h knsl-mb-20\">\n\t\t\t\t\t\t<span >\n\t\t\t\t\t\t\t\t\tAttraktionen in der N\u00e4he\t\t\t\t\t\t\t\t<\/span>\n\t\t\t\t\t<\/h2>\n\t\t\t\t\t\t\t\t\t\t\t\t\t\t\t<p class=\"knsl-text knsl-mb-30\">\n\t\t\t\t\t\t<span >\n\t\t\t\t\t\t\t\t\tErkunden Sie die lebhafte Umgebung unseres Motels. Nur 10 Gehminuten entfernt finden Sie die atemberaubende Hagia Sophia, eine St\u00e4tte voller Geschichte und Sch\u00f6nheit. Genie\u00dfen Sie k\u00f6stliche Meeresfr\u00fcchte im Balikci Mehmet, einem renommierten lokalen Restaurant in der N\u00e4he. F\u00fcr Shoppingbegeisterte ist ein gesch\u00e4ftiges Einkaufszentrum nur 5 Gehminuten entfernt. Mit \u00f6ffentlichen Verkehrsmitteln direkt vor unserer Haust\u00fcr ist die Erkundung der Stadt einfach und bequem. Erleben Sie das lebhafte Nachtleben mit Bars und Clubs in der N\u00e4he. Genie\u00dfen Sie einen Aufenthalt voller Aufregung und Komfort\t\t\t\t\t\t\t\t<\/span>\n\t\t\t\t\t<\/p>\n\t\t\t\t\t\t\t\t\t\t\t\t\t\t\t<a  href=\"https:\/\/motel-caesar.at\/de\/blog\/\" class=\"knsl-btn knsl-btn-md\">\n\t\t\t\t\t\t<span >\n\t\t\t\t\t\t\t\t\tAlle Blogbeitr\u00e4ge\t\t\t\t\t\t\t\t<\/span>\n\t\t\t\t\t<\/a>\n\t\t\t\t\t\t\t\t\t\t<\/div>\n\t\t\t\t<\/div>\n\t\t\t\t\n\t\t\t\t\t\t\t\t\t\t\t\t<div class=\"col-md-6 col-lg-4\">\n\n\t\t\t\t\t\n\n\n<!-- blog card -->\n<div class=\"knsl-blog-card\">\n  <div id=\"post-1179\" class=\"post-1179 post type-post status-publish format-standard has-post-thumbnail hentry category-places tag-sea tag-tour tag-travel tag-trip\">\n    <div class=\"knsl-cover-frame\">\n    <a href=\"https:\/\/motel-caesar.at\/de\/about-our-motel\/\">\n    \t    \t<img decoding=\"async\" src=\"https:\/\/motel-caesar.at\/wp-content\/uploads\/2021\/12\/305045712-950x634.jpg\" alt=\"About our Motel\" \/>\n    \t    <\/a>\n\t\t<div class=\"knsl-badge\">\n\t\t\tPlaces\t\t<\/div>\n  <\/div>\n    <div class=\"knsl-description-frame\">\n    <div class=\"knsl-room-features\">\n      <div class=\"knsl-feature knsl-feature-author\">\n                <div class=\"knsl-icon-frame knsl-icon-author\"><img decoding=\"async\" src=\"https:\/\/secure.gravatar.com\/avatar\/53cb00cc892e980c292814dd590c0298469f0b8bf57d5893d1b15daf3b0a74e8?s=96&#038;d=mm&#038;r=g\" alt=\"admin\" \/><\/div>\n                <span>admin<\/span>\n      <\/div>\n\n      \t  \t<div class=\"knsl-feature knsl-feature-date\">\n        <div class=\"knsl-icon-frame\"><span class=\"img-svg img-svg-time\"><\/span><\/div>\n        <span>August 19, 2024<\/span>\n      <\/div>\n\t  \t    <\/div>\n    <a href=\"https:\/\/motel-caesar.at\/de\/about-our-motel\/\" class=\"knsl-title\">\n      <h4 class=\"knsl-mb-20\">\u00dcber unser Motel<\/h4>\n    <\/a>\n    <div class=\"knsl-text-light knsl-text-sm\">\n    \t<p>Unser Motel ist die ideale Wahl f\u00fcr G\u00e4ste, die eine g\u00fcnstige und komfortable Unterkunft suchen. Wir\u2026 <span class=\"knsl-el-more\"><a href=\"https:\/\/motel-caesar.at\/de\/about-our-motel\/\" class=\"knsl-btn\">Read more<span class=\"screen-reader-text\">Read more&nbsp;About our Motel<\/span><\/a><\/span><\/p>\n    <\/div>\n  <\/div>\n  <\/div>\n<\/div>\n<!-- blog card end -->\n\n\n\t\t\t\t<\/div>\n\t\t\t\t\t\t\t\t<div class=\"col-md-6 col-lg-4\">\n\n\t\t\t\t\t\n\n\n<!-- blog card -->\n<div class=\"knsl-blog-card\">\n  <div id=\"post-4145\" class=\"post-4145 post type-post status-publish format-standard has-post-thumbnail hentry category-uncategorized-de\">\n    <div class=\"knsl-cover-frame\">\n    <a href=\"https:\/\/motel-caesar.at\/de\/bequeme-anreise-ins-stadtzentrum-mit-dem-auto-park-ride-leopoldau\/\">\n    \t    \t<img decoding=\"async\" src=\"https:\/\/motel-caesar.at\/wp-content\/uploads\/2021\/12\/xcsm_Wien_-_Park___Ride_d6d78757a3.jpg.pagespeed.ic_.-mooPWHfgE.jpg\" alt=\"Bequeme Anreise ins Stadtzentrum mit dem Auto: Park &amp; Ride Leopoldau.\" \/>\n    \t    <\/a>\n\t\t<div class=\"knsl-badge\">\n\t\t\tUncategorized\t\t<\/div>\n  <\/div>\n    <div class=\"knsl-description-frame\">\n    <div class=\"knsl-room-features\">\n      <div class=\"knsl-feature knsl-feature-author\">\n                <div class=\"knsl-icon-frame knsl-icon-author\"><img decoding=\"async\" src=\"https:\/\/secure.gravatar.com\/avatar\/53cb00cc892e980c292814dd590c0298469f0b8bf57d5893d1b15daf3b0a74e8?s=96&#038;d=mm&#038;r=g\" alt=\"admin\" \/><\/div>\n                <span>admin<\/span>\n      <\/div>\n\n      \t  \t<div class=\"knsl-feature knsl-feature-date\">\n        <div class=\"knsl-icon-frame\"><span class=\"img-svg img-svg-time\"><\/span><\/div>\n        <span>August 19, 2024<\/span>\n      <\/div>\n\t  \t    <\/div>\n    <a href=\"https:\/\/motel-caesar.at\/de\/bequeme-anreise-ins-stadtzentrum-mit-dem-auto-park-ride-leopoldau\/\" class=\"knsl-title\">\n      <h4 class=\"knsl-mb-20\">Bequeme Anreise ins Stadtzentrum mit dem Auto: Park &amp; Ride Leopoldau.<\/h4>\n    <\/a>\n    <div class=\"knsl-text-light knsl-text-sm\">\n    \t<p>F\u00fcr unsere G\u00e4ste, die mit dem Auto anreisen, gibt es eine bequeme M\u00f6glichkeit, das&#8230; <span class=\"knsl-el-more\"><a href=\"https:\/\/motel-caesar.at\/de\/bequeme-anreise-ins-stadtzentrum-mit-dem-auto-park-ride-leopoldau\/\" class=\"knsl-btn\">Read more<span class=\"screen-reader-text\">Read more&nbsp;Bequeme Anreise ins Stadtzentrum mit dem Auto: Park &amp; Ride Leopoldau.<\/span><\/a><\/span><\/p>\n    <\/div>\n  <\/div>\n  <\/div>\n<\/div>\n<!-- blog card end -->\n\n\n\t\t\t\t<\/div>\n\t\t\t\t\t\t\t\t<div class=\"col-md-6 col-lg-4\">\n\n\t\t\t\t\t\n\n\n<!-- blog card -->\n<div class=\"knsl-blog-card\">\n  <div id=\"post-4140\" class=\"post-4140 post type-post status-publish format-standard has-post-thumbnail hentry category-uncategorized-de\">\n    <div class=\"knsl-cover-frame\">\n    <a href=\"https:\/\/motel-caesar.at\/de\/wie-man-vom-motel-ins-stadtzentrum-von-wien-gelangt\/\">\n    \t    \t<img decoding=\"async\" src=\"https:\/\/motel-caesar.at\/wp-content\/uploads\/2021\/12\/5541-950x570.jpeg\" alt=\"Wie man vom Motel ins Stadtzentrum von Wien gelangt\" \/>\n    \t    <\/a>\n\t\t<div class=\"knsl-badge\">\n\t\t\tUncategorized\t\t<\/div>\n  <\/div>\n    <div class=\"knsl-description-frame\">\n    <div class=\"knsl-room-features\">\n      <div class=\"knsl-feature knsl-feature-author\">\n                <div class=\"knsl-icon-frame knsl-icon-author\"><img decoding=\"async\" src=\"https:\/\/secure.gravatar.com\/avatar\/53cb00cc892e980c292814dd590c0298469f0b8bf57d5893d1b15daf3b0a74e8?s=96&#038;d=mm&#038;r=g\" alt=\"admin\" \/><\/div>\n                <span>admin<\/span>\n      <\/div>\n\n      \t  \t<div class=\"knsl-feature knsl-feature-date\">\n        <div class=\"knsl-icon-frame\"><span class=\"img-svg img-svg-time\"><\/span><\/div>\n        <span>August 19, 2024<\/span>\n      <\/div>\n\t  \t    <\/div>\n    <a href=\"https:\/\/motel-caesar.at\/de\/wie-man-vom-motel-ins-stadtzentrum-von-wien-gelangt\/\" class=\"knsl-title\">\n      <h4 class=\"knsl-mb-20\">Wie man vom Motel ins Stadtzentrum von Wien gelangt<\/h4>\n    <\/a>\n    <div class=\"knsl-text-light knsl-text-sm\">\n    \t<p>Es gibt mehrere bequeme M\u00f6glichkeiten, um von der Br\u00fcnnerstr. 28, 2201 Gerasdorf bei Wien&#8230; <span class=\"knsl-el-more\"><a href=\"https:\/\/motel-caesar.at\/de\/wie-man-vom-motel-ins-stadtzentrum-von-wien-gelangt\/\" class=\"knsl-btn\">Read more<span class=\"screen-reader-text\">Read more&nbsp;Wie man vom Motel ins Stadtzentrum von Wien gelangt<\/span><\/a><\/span><\/p>\n    <\/div>\n  <\/div>\n  <\/div>\n<\/div>\n<!-- blog card end -->\n\n\n\t\t\t\t<\/div>\n\t\t\t\t\n\t      \t\t\n\t\t\t\t\t    \t\t\n\t    \t<\/div>\n\t\t<\/div>\t<\/section>\n\t<!-- blog end -->\n\n\t\t\t\t\t\t<\/div>\n\t\t\t\t<\/div>\n\t\t\t\t\t<\/div>\n\t\t<\/div>\n\t\t\t\t\t<\/div>\n\t\t<\/section>\n\t\t\t\t<\/div>","protected":false},"excerpt":{"rendered":"<p>About Our Motel Our motel is located in a quiet and pleasant area, just&#8230; <span class=\"knsl-el-more\"><a href=\"https:\/\/motel-caesar.at\/de\/wie-man-vom-motel-ins-stadtzentrum-von-wien-gelangt\/\" class=\"knsl-btn\">Read more<span class=\"screen-reader-text\">Read more&nbsp;Wie man vom Motel ins Stadtzentrum von Wien gelangt<\/span><\/a><\/span><\/p>","protected":false},"author":1,"featured_media":0,"parent":0,"menu_order":0,"comment_status":"closed","ping_status":"closed","template":"template-layout-builder.php","meta":{"_acf_changed":false,"footnotes":""},"class_list":["post-287","page","type-page","status-publish","hentry"],"acf":[],"_links":{"self":[{"href":"https:\/\/motel-caesar.at\/de\/wp-json\/wp\/v2\/pages\/287","targetHints":{"allow":["GET"]}}],"collection":[{"href":"https:\/\/motel-caesar.at\/de\/wp-json\/wp\/v2\/pages"}],"about":[{"href":"https:\/\/motel-caesar.at\/de\/wp-json\/wp\/v2\/types\/page"}],"author":[{"embeddable":true,"href":"https:\/\/motel-caesar.at\/de\/wp-json\/wp\/v2\/users\/1"}],"replies":[{"embeddable":true,"href":"https:\/\/motel-caesar.at\/de\/wp-json\/wp\/v2\/comments?post=287"}],"version-history":[{"count":27,"href":"https:\/\/motel-caesar.at\/de\/wp-json\/wp\/v2\/pages\/287\/revisions"}],"predecessor-version":[{"id":3906,"href":"https:\/\/motel-caesar.at\/de\/wp-json\/wp\/v2\/pages\/287\/revisions\/3906"}],"wp:attachment":[{"href":"https:\/\/motel-caesar.at\/de\/wp-json\/wp\/v2\/media?parent=287"}],"curies":[{"name":"wp","href":"https:\/\/api.w.org\/{rel}","templated":true}]}}