{"id":2,"date":"2024-07-23T16:52:46","date_gmt":"2024-07-23T16:52:46","guid":{"rendered":"https:\/\/motel-caesar.at\/?page_id=2"},"modified":"2024-08-10T16:03:44","modified_gmt":"2024-08-10T14:03:44","slug":"imprint","status":"publish","type":"page","link":"https:\/\/motel-caesar.at\/de\/imprint\/","title":{"rendered":"Imprint"},"content":{"rendered":"\n<p><strong>Impressum<\/strong><\/p>\n\n\n\n<p><strong>Firmenname:<\/strong><br>Nihat Firat<\/p>\n\n\n\n<p><strong>Adresse:<\/strong><br>Br\u00fcnnerstr. 28<br>2201 Gerasdorf bei Wien<br>\u00d6sterreich<\/p>\n\n\n\n<p><strong>Kontakt:<\/strong><br>Telefon: [Telefonnummer]<br>E-Mail: [E-Mail-Adresse]<\/p>\n\n\n\n<p><strong>UID-Nummer:<\/strong><br>ATU67207319<\/p>\n\n\n\n<p><strong>Vertretungsberechtigter:<\/strong><br>Nihat Firat<\/p>\n\n\n\n<p><strong>Firmensitz:<\/strong><br>Gerasdorf bei Wien, \u00d6sterreich<\/p>\n\n\n\n<p><strong>Mitglied der Wirtschaftskammer \u00d6sterreich (WKO):<\/strong><br><a href=\"https:\/\/firmen.wko.at\/nihat-firat\/nieder%C3%B6sterreich\/?firmaid=f6c20bef-9490-4382-b402-31fdcb140a44\">Nihat Firat &#8211; Mitglied der WKO<\/a><\/p>\n\n\n\n<p><strong>Aufsichtsbeh\u00f6rde:<\/strong><br>Bezirkshauptmannschaft Korneuburg<\/p>\n\n\n\n<p><strong>Gewerbebeh\u00f6rde:<\/strong><br>Bezirkshauptmannschaft Korneuburg<\/p>\n\n\n\n<p><strong>Unternehmensgegenstand:<\/strong><br>Betrieb eines Motels<\/p>\n\n\n\n<p><strong>Berufsrechtliche Vorschriften:<\/strong><br>Gewerbeordnung: <a>https:\/\/www.ris.bka.gv.at<\/a><\/p>\n\n\n\n<p><strong>Online-Streitbeilegung (OS-Plattform):<\/strong><br>Die Europ\u00e4ische Kommission stellt eine Plattform zur Online-Streitbeilegung (OS) bereit: <a href=\"https:\/\/ec.europa.eu\/consumers\/odr\">https:\/\/ec.europa.eu\/consumers\/odr<\/a><\/p>\n\n\n\n<p><strong>Haftungsausschluss:<\/strong><br>Die Inhalte dieser Website wurden mit gr\u00f6\u00dfter Sorgfalt erstellt. F\u00fcr die Richtigkeit, Vollst\u00e4ndigkeit und Aktualit\u00e4t der Inhalte k\u00f6nnen wir jedoch keine Gew\u00e4hr \u00fcbernehmen. Als Dienstanbieter sind wir gem\u00e4\u00df \u00a7 7 Abs.1 TMG f\u00fcr eigene Inhalte auf diesen Seiten nach den allgemeinen Gesetzen verantwortlich. Nach \u00a7\u00a7 8 bis 10 TMG sind wir als Dienstanbieter jedoch nicht verpflichtet, \u00fcbermittelte oder gespeicherte fremde Informationen zu \u00fcberwachen oder nach Umst\u00e4nden zu forschen, die auf eine rechtswidrige T\u00e4tigkeit hinweisen.<\/p>\n\n\n\n<p><strong>Datenschutz:<\/strong><br>Unsere Datenschutzerkl\u00e4rung finden Sie unter dem Link: <a href=\"https:\/\/motel-caesar.at\/datenschutzerklaerung\/\">Datenschutzerkl\u00e4rung<\/a><\/p>\n\n\n\n<p><\/p>\n","protected":false},"excerpt":{"rendered":"<p>Impressum Firmenname:Nihat Firat Adresse:Br\u00fcnnerstr. 282201 Gerasdorf bei Wien\u00d6sterreich Kontakt:Telefon: [Telefonnummer]E-Mail: [E-Mail-Adresse] UID-Nummer:ATU67207319 Vertretungsberechtigter:Nihat Firat Firmensitz:Gerasdorf bei Wien, \u00d6sterreich Mitglied der&#8230; <span class=\"knsl-el-more\"><a href=\"https:\/\/motel-caesar.at\/de\/imprint\/\" class=\"knsl-btn\">Read more<span class=\"screen-reader-text\">Read more&nbsp;Imprint<\/span><\/a><\/span><\/p>\n","protected":false},"author":1,"featured_media":0,"parent":0,"menu_order":0,"comment_status":"closed","ping_status":"closed","template":"","meta":{"_acf_changed":false,"footnotes":""},"class_list":["post-2","page","type-page","status-publish","hentry"],"acf":[],"_links":{"self":[{"href":"https:\/\/motel-caesar.at\/de\/wp-json\/wp\/v2\/pages\/2","targetHints":{"allow":["GET"]}}],"collection":[{"href":"https:\/\/motel-caesar.at\/de\/wp-json\/wp\/v2\/pages"}],"about":[{"href":"https:\/\/motel-caesar.at\/de\/wp-json\/wp\/v2\/types\/page"}],"author":[{"embeddable":true,"href":"https:\/\/motel-caesar.at\/de\/wp-json\/wp\/v2\/users\/1"}],"replies":[{"embeddable":true,"href":"https:\/\/motel-caesar.at\/de\/wp-json\/wp\/v2\/comments?post=2"}],"version-history":[{"count":3,"href":"https:\/\/motel-caesar.at\/de\/wp-json\/wp\/v2\/pages\/2\/revisions"}],"predecessor-version":[{"id":3896,"href":"https:\/\/motel-caesar.at\/de\/wp-json\/wp\/v2\/pages\/2\/revisions\/3896"}],"wp:attachment":[{"href":"https:\/\/motel-caesar.at\/de\/wp-json\/wp\/v2\/media?parent=2"}],"curies":[{"name":"wp","href":"https:\/\/api.w.org\/{rel}","templated":true}]}}